{"id":975,"date":"2023-02-08T03:09:35","date_gmt":"2023-02-08T00:09:35","guid":{"rendered":"https:\/\/myoceantex.com\/?post_type=product&#038;p=975"},"modified":"2026-03-24T16:27:01","modified_gmt":"2026-03-24T13:27:01","slug":"osal-softshell-erkek-pantolon","status":"publish","type":"product","link":"https:\/\/myoceantex.com\/en\/product\/osal-softshell-erkek-pantolon\/","title":{"rendered":"sala Softshell Pantolon"},"content":{"rendered":"<div><\/div>\n<div>\n<div>\n<p>KUMA\u015e \u00d6ZELL\u0130KLER\u0130<\/p>\n<\/div>\n<div>\u00a0 \u00a0softshell \u00a0% 95 Polyamid % 5 Elastan.<\/div>\n<div>\u00a0 \u00a0su itici apre.<\/div>\n<div>\u00a0 \u00a0leke tutmazl\u0131k.<\/div>\n<div>\u00a0 \u00a0Kullan\u0131m Y\u0131kama Talimat\u0131 : 30 derece makinada y\u0131kanabilir.<\/div>\n<div>\u00a0 \u00a0sererek kurutunuz,\u00dct\u00fc gerektirmez.<\/div>\n<div>\u00a0 \u00a0polar yap\u0131l\u0131 i\u00e7 taraf.<\/div>\n<\/div>\n<div>\u00a0 \u00a0MODEL \u00d6ZELL\u0130KLER\u0130<\/div>\n<div>\u00a0 \u00a0*Belin yan k\u0131s\u0131mlar\u0131nda lastik detay\u0131 sayesinde esneme yapar.<\/div>\n<div>\u00a0 \u00a0 *su ge\u00e7irmez fermuarl\u0131 \u00f6n cepler<\/div>\n<div>\u00a0 \u00a0 *su ge\u00e7irmez fermuarl\u0131 arka cep<\/div>\n<div>\u00a0 \u00a0 *kullan\u0131m: k\u0131\u015f aylar\u0131 ve so\u011fuk havalarda<\/div>\n<div><\/div>\n<div><\/div>\n<div><\/div>\n<div><\/div>\n<div><\/div>\n<div><\/div>\n<div><\/div>","protected":false},"excerpt":{"rendered":"<p>KUMA\u015e \u00d6ZELL\u0130KLER\u0130 \u00a0 \u00a0softshell \u00a0% 95 Polyamid % 5 Elastan. \u00a0 \u00a0su itici apre. \u00a0 \u00a0leke tutmazl\u0131k. \u00a0 \u00a0Kullan\u0131m Y\u0131kama Talimat\u0131 : 30 derece makinada y\u0131kanabilir. \u00a0 \u00a0sererek kurutunuz,\u00dct\u00fc gerektirmez. \u00a0 \u00a0polar yap\u0131l\u0131 i\u00e7 taraf. \u00a0 \u00a0MODEL \u00d6ZELL\u0130KLER\u0130 \u00a0 \u00a0*Belin yan k\u0131s\u0131mlar\u0131nda lastik detay\u0131 sayesinde esneme yapar. \u00a0 \u00a0 *su ge\u00e7irmez fermuarl\u0131 \u00f6n cepler \u00a0&hellip; <a class=\"more-link\" href=\"https:\/\/myoceantex.com\/en\/product\/osal-softshell-erkek-pantolon\/\">Continue reading <span class=\"screen-reader-text\">sala Softshell Pantolon<\/span><\/a><\/p>","protected":false},"featured_media":1518,"comment_status":"open","ping_status":"closed","template":"","meta":{"_coblocks_attr":"","_coblocks_dimensions":"","_coblocks_responsive_height":"","_coblocks_accordion_ie_support":"","_themeisle_gutenberg_block_has_review":false},"pwb-brand":[59],"product_brand":[],"product_cat":[15,23,52],"product_tag":[],"class_list":{"0":"post-975","1":"product","2":"type-product","3":"status-publish","4":"has-post-thumbnail","6":"pwb-brand-ostorm","7":"product_cat-genel","8":"product_cat-outdoor-sport-2","9":"product_cat-pant","10":"entry","12":"first","13":"instock","14":"shipping-taxable","15":"product-type-variable"},"jetpack_sharing_enabled":true,"brands":[{"id":59,"name":"o'storm","slug":"ostorm"}],"_links":{"self":[{"href":"https:\/\/myoceantex.com\/en\/wp-json\/wp\/v2\/product\/975","targetHints":{"allow":["GET"]}}],"collection":[{"href":"https:\/\/myoceantex.com\/en\/wp-json\/wp\/v2\/product"}],"about":[{"href":"https:\/\/myoceantex.com\/en\/wp-json\/wp\/v2\/types\/product"}],"replies":[{"embeddable":true,"href":"https:\/\/myoceantex.com\/en\/wp-json\/wp\/v2\/comments?post=975"}],"wp:featuredmedia":[{"embeddable":true,"href":"https:\/\/myoceantex.com\/en\/wp-json\/wp\/v2\/media\/1518"}],"wp:attachment":[{"href":"https:\/\/myoceantex.com\/en\/wp-json\/wp\/v2\/media?parent=975"}],"wp:term":[{"taxonomy":"pwb-brand","embeddable":true,"href":"https:\/\/myoceantex.com\/en\/wp-json\/wp\/v2\/pwb-brand?post=975"},{"taxonomy":"product_brand","embeddable":true,"href":"https:\/\/myoceantex.com\/en\/wp-json\/wp\/v2\/product_brand?post=975"},{"taxonomy":"product_cat","embeddable":true,"href":"https:\/\/myoceantex.com\/en\/wp-json\/wp\/v2\/product_cat?post=975"},{"taxonomy":"product_tag","embeddable":true,"href":"https:\/\/myoceantex.com\/en\/wp-json\/wp\/v2\/product_tag?post=975"}],"curies":[{"name":"wp","href":"https:\/\/api.w.org\/{rel}","templated":true}]}}