{"id":958,"date":"2023-01-31T04:15:18","date_gmt":"2023-01-31T01:15:18","guid":{"rendered":"https:\/\/myoceantex.com\/?post_type=product&#038;p=958"},"modified":"2026-03-24T16:38:29","modified_gmt":"2026-03-24T13:38:29","slug":"osam-softshell-unisex-yelek","status":"publish","type":"product","link":"https:\/\/myoceantex.com\/en\/product\/osam-softshell-unisex-yelek\/","title":{"rendered":"sama Softshell outdoor yelek"},"content":{"rendered":"<div>\n<p>\u00a0 \u00a0KUMA\u015e \u00d6ZELL\u0130KLER\u0130<\/p>\n<\/div>\n<div>\u00a0 \u00a0*softshell \u00a0% 95 Polyester, % 5 Elastan.<\/div>\n<div>\u00a0 \u00a0*su itici apre.<\/div>\n<div>\u00a0 \u00a0*leke tutmazl\u0131k.<\/div>\n<div>\u00a0 \u00a0*Kullan\u0131m Y\u0131kama Talimat\u0131 : 30 derece makinada y\u0131kanabilir.<\/div>\n<div>\u00dct\u00fc yap\u0131lmamal\u0131d\u0131r.<\/div>\n<div>\u00a0 \u00a0*polar yap\u0131l\u0131 i\u00e7 taraf.<\/div>\n<p>MODEL \u00d6ZELL\u0130KLER\u0130<\/p>\n<p>*regular fit<\/p>\n<p>*su ge\u00e7irmez fermuarl\u0131 g\u00f6\u011f\u00fcs cebi.<\/p>\n<p>*su ge\u00e7irmez fermuarl\u0131 el cepleri.<\/p>\n<p>*su ge\u00e7irmez \u00f6n fermuar.<\/p>\n<p>*Kuru temizleme \u00f6nerilmez, \u00dct\u00fc gerektirmez.<br \/>\n*kullan\u0131m: sonbahar \/ k\u0131\u015f \/ ilkbahar<\/p>\n<p>bedenler\u00a0 XS S\u00a0 \u00a0 M\u00a0 \u00a0L\u00a0 \u00a0 \u00a0XL\u00a0 \u00a02XL\u00a0 \u00a03XL<\/p>\n<p>g\u00f6\u011f\u00fcs\u00a0 \u00a0 \u00a0 51 53\u00a0 55\u00a0 57\u00a0 \u00a0 59\u00a0 \u00a0 61\u00a0 \u00a063<\/p>\n<p>kol evi\u00a0 \u00a0 \u00a0 27 28\u00a0 29\u00a0 30\u00a0 \u00a0 31\u00a0 \u00a032\u00a0 \u00a0 33<\/p>\n<p>arka boy\u00a0 69 70 71,5 72,5 75,5 76,5 77,5<\/p>","protected":false},"excerpt":{"rendered":"<p>\u00a0 \u00a0KUMA\u015e \u00d6ZELL\u0130KLER\u0130 \u00a0 \u00a0*softshell \u00a0% 95 Polyester, % 5 Elastan. \u00a0 \u00a0*su itici apre. \u00a0 \u00a0*leke tutmazl\u0131k. \u00a0 \u00a0*Kullan\u0131m Y\u0131kama Talimat\u0131 : 30 derece makinada y\u0131kanabilir. \u00dct\u00fc yap\u0131lmamal\u0131d\u0131r. \u00a0 \u00a0*polar yap\u0131l\u0131 i\u00e7 taraf. MODEL \u00d6ZELL\u0130KLER\u0130 *regular fit *su ge\u00e7irmez fermuarl\u0131 g\u00f6\u011f\u00fcs cebi. *su ge\u00e7irmez fermuarl\u0131 el cepleri. *su ge\u00e7irmez \u00f6n fermuar. *Kuru temizleme \u00f6nerilmez,&hellip; <a class=\"more-link\" href=\"https:\/\/myoceantex.com\/en\/product\/osam-softshell-unisex-yelek\/\">Continue reading <span class=\"screen-reader-text\">sama Softshell outdoor yelek<\/span><\/a><\/p>","protected":false},"featured_media":1172,"comment_status":"open","ping_status":"closed","template":"","meta":{"_coblocks_attr":"","_coblocks_dimensions":"","_coblocks_responsive_height":"","_coblocks_accordion_ie_support":"","_themeisle_gutenberg_block_has_review":false},"pwb-brand":[59],"product_brand":[],"product_cat":[15,23,61,47],"product_tag":[51,50,49],"class_list":{"0":"post-958","1":"product","2":"type-product","3":"status-publish","4":"has-post-thumbnail","6":"pwb-brand-ostorm","7":"product_cat-genel","8":"product_cat-outdoor-sport-2","9":"product_cat-unisex","10":"product_cat-yelek","11":"product_tag-isciyelegi","12":"product_tag-osam","13":"product_tag-yelek","14":"entry","16":"first","17":"instock","18":"shipping-taxable","19":"product-type-variable"},"jetpack_sharing_enabled":true,"brands":[{"id":59,"name":"o'storm","slug":"ostorm"}],"_links":{"self":[{"href":"https:\/\/myoceantex.com\/en\/wp-json\/wp\/v2\/product\/958","targetHints":{"allow":["GET"]}}],"collection":[{"href":"https:\/\/myoceantex.com\/en\/wp-json\/wp\/v2\/product"}],"about":[{"href":"https:\/\/myoceantex.com\/en\/wp-json\/wp\/v2\/types\/product"}],"replies":[{"embeddable":true,"href":"https:\/\/myoceantex.com\/en\/wp-json\/wp\/v2\/comments?post=958"}],"wp:featuredmedia":[{"embeddable":true,"href":"https:\/\/myoceantex.com\/en\/wp-json\/wp\/v2\/media\/1172"}],"wp:attachment":[{"href":"https:\/\/myoceantex.com\/en\/wp-json\/wp\/v2\/media?parent=958"}],"wp:term":[{"taxonomy":"pwb-brand","embeddable":true,"href":"https:\/\/myoceantex.com\/en\/wp-json\/wp\/v2\/pwb-brand?post=958"},{"taxonomy":"product_brand","embeddable":true,"href":"https:\/\/myoceantex.com\/en\/wp-json\/wp\/v2\/product_brand?post=958"},{"taxonomy":"product_cat","embeddable":true,"href":"https:\/\/myoceantex.com\/en\/wp-json\/wp\/v2\/product_cat?post=958"},{"taxonomy":"product_tag","embeddable":true,"href":"https:\/\/myoceantex.com\/en\/wp-json\/wp\/v2\/product_tag?post=958"}],"curies":[{"name":"wp","href":"https:\/\/api.w.org\/{rel}","templated":true}]}}