{"id":2735,"date":"2024-07-02T14:06:52","date_gmt":"2024-07-02T11:06:52","guid":{"rendered":"https:\/\/myoceantex.com\/?post_type=product&#038;p=2735"},"modified":"2026-03-24T14:57:38","modified_gmt":"2026-03-24T11:57:38","slug":"aluce-polo-yaka-tshirt-tisort","status":"publish","type":"product","link":"https:\/\/myoceantex.com\/en\/product\/aluce-polo-yaka-tshirt-tisort\/","title":{"rendered":"aluce polo yaka tshirt"},"content":{"rendered":"<p>kuma\u015f \u00f6zellikleri:.<\/p>\n<p>suprem \u00f6rme<\/p>\n<p>model \u00f6zellikleri:<\/p>\n<p>slim fit<\/p>\n<p>unisex erkek kad\u0131n<\/p>\n<p>ilkbahar yaz sonbahar kullan\u0131labilrlik<\/p>\n<p>bedenler\u00a0 \u00a0 \u00a0 \u00a0 \u00a0 XS\u00a0 \u00a0S\u00a0 \u00a0 M\u00a0 \u00a0 L\u00a0 \u00a0 \u00a0XL\u00a0 \u00a02XL<\/p>\n<p>g\u00f6\u011f\u00fcs\u00a0 \u00a0 \u00a0 \u00a0 \u00a0 \u00a0 \u00a0 49\u00a0 \u00a051\u00a0 \u00a053\u00a0 55\u00a0 \u00a057\u00a0 \u00a059<\/p>\n<p>arka orta boy\u00a0 \u00a068\u00a0 \u00a069\u00a0 \u00a070\u00a0 70\u00a0 \u00a071\u00a0 \u00a072<\/p>","protected":false},"excerpt":{"rendered":"<p>kuma\u015f \u00f6zellikleri:. suprem \u00f6rme model \u00f6zellikleri: slim fit unisex erkek kad\u0131n ilkbahar yaz sonbahar kullan\u0131labilrlik bedenler\u00a0 \u00a0 \u00a0 \u00a0 \u00a0 XS\u00a0 \u00a0S\u00a0 \u00a0 M\u00a0 \u00a0 L\u00a0 \u00a0 \u00a0XL\u00a0 \u00a02XL g\u00f6\u011f\u00fcs\u00a0 \u00a0 \u00a0 \u00a0 \u00a0 \u00a0 \u00a0 49\u00a0 \u00a051\u00a0 \u00a053\u00a0 55\u00a0 \u00a057\u00a0 \u00a059 arka orta boy\u00a0 \u00a068\u00a0 \u00a069\u00a0 \u00a070\u00a0 70\u00a0 \u00a071\u00a0 \u00a072<\/p>","protected":false},"featured_media":2851,"comment_status":"open","ping_status":"closed","template":"","meta":{"_coblocks_attr":"","_coblocks_dimensions":"","_coblocks_responsive_height":"","_coblocks_accordion_ie_support":"","_themeisle_gutenberg_block_has_review":false},"pwb-brand":[58],"product_brand":[],"product_cat":[28,15,53,61],"product_tag":[],"class_list":{"0":"post-2735","1":"product","2":"type-product","3":"status-publish","4":"has-post-thumbnail","6":"pwb-brand-myocean","7":"product_cat-fashion-daily-2","8":"product_cat-genel","9":"product_cat-t-shirt","10":"product_cat-unisex","11":"entry","13":"first","14":"instock","15":"shipping-taxable","16":"product-type-variable"},"jetpack_sharing_enabled":true,"brands":[{"id":58,"name":"myocean","slug":"myocean"}],"_links":{"self":[{"href":"https:\/\/myoceantex.com\/en\/wp-json\/wp\/v2\/product\/2735","targetHints":{"allow":["GET"]}}],"collection":[{"href":"https:\/\/myoceantex.com\/en\/wp-json\/wp\/v2\/product"}],"about":[{"href":"https:\/\/myoceantex.com\/en\/wp-json\/wp\/v2\/types\/product"}],"replies":[{"embeddable":true,"href":"https:\/\/myoceantex.com\/en\/wp-json\/wp\/v2\/comments?post=2735"}],"wp:featuredmedia":[{"embeddable":true,"href":"https:\/\/myoceantex.com\/en\/wp-json\/wp\/v2\/media\/2851"}],"wp:attachment":[{"href":"https:\/\/myoceantex.com\/en\/wp-json\/wp\/v2\/media?parent=2735"}],"wp:term":[{"taxonomy":"pwb-brand","embeddable":true,"href":"https:\/\/myoceantex.com\/en\/wp-json\/wp\/v2\/pwb-brand?post=2735"},{"taxonomy":"product_brand","embeddable":true,"href":"https:\/\/myoceantex.com\/en\/wp-json\/wp\/v2\/product_brand?post=2735"},{"taxonomy":"product_cat","embeddable":true,"href":"https:\/\/myoceantex.com\/en\/wp-json\/wp\/v2\/product_cat?post=2735"},{"taxonomy":"product_tag","embeddable":true,"href":"https:\/\/myoceantex.com\/en\/wp-json\/wp\/v2\/product_tag?post=2735"}],"curies":[{"name":"wp","href":"https:\/\/api.w.org\/{rel}","templated":true}]}}