{"id":2713,"date":"2024-06-27T13:34:33","date_gmt":"2024-06-27T10:34:33","guid":{"rendered":"https:\/\/myoceantex.com\/?post_type=product&#038;p=2713"},"modified":"2026-03-24T15:34:47","modified_gmt":"2026-03-24T12:34:47","slug":"blue-jeans-erkek-denim-pantolon-blue-mavi","status":"publish","type":"product","link":"https:\/\/myoceantex.com\/en\/product\/blue-jeans-erkek-denim-pantolon-blue-mavi\/","title":{"rendered":"kad\u0131n erkek unisex denim jeans pantolon"},"content":{"rendered":"<p>kuma\u015f \u00f6zellikleri:<\/p>\n<p>9,5 onz %95 cotton %5 lyc<\/p>\n<p>y\u0131kanm\u0131\u015f<\/p>\n<p>model \u00f6zellikleri:<\/p>\n<p>slim fit<\/p>\n<p>5 cep classic<\/p>\n<p>sonbahar k\u0131\u015f ilkbahar yaz kullan\u0131labilirlik<\/p>\n<p>bedenler\u00a0 \u00a0XS\u00a0 \u00a0 \u00a0S\u00a0 \u00a0 \u00a0M\u00a0 \u00a0 \u00a0 L\u00a0 \u00a0 XL\u00a0 \u00a0 \u00a02XL<\/p>\n<p>bel\u00a0 \u00a0 \u00a0 \u00a0 \u00a0 \u00a0 39\u00a0 \u00a0 41\u00a0 \u00a0 43\u00a0 \u00a0 45\u00a0 \u00a0 47\u00a0 \u00a0 \u00a049<\/p>\n<p>basen\u00a0 \u00a0 \u00a0 \u00a049\u00a0 \u00a0 51\u00a0 \u00a0 53\u00a0 \u00a0 55\u00a0 \u00a0 57\u00a0 \u00a0 \u00a059<\/p>\n<p>paca\u00a0 \u00a0 \u00a0 \u00a0 18,5\u00a0 19\u00a0 19,5\u00a0 \u00a020\u00a0 \u00a0 20,5\u00a0 21<\/p>\n<p>i\u00e7 boy\u00a0 \u00a0 \u00a0 \u00a0 82\u00a0 \u00a0 82\u00a0 \u00a0 82\u00a0 \u00a0 82\u00a0 \u00a0 82\u00a0 \u00a0 82<\/p>","protected":false},"excerpt":{"rendered":"<p>kuma\u015f \u00f6zellikleri: 9,5 onz %95 cotton %5 lyc y\u0131kanm\u0131\u015f model \u00f6zellikleri: slim fit 5 cep classic sonbahar k\u0131\u015f ilkbahar yaz kullan\u0131labilirlik bedenler\u00a0 \u00a0XS\u00a0 \u00a0 \u00a0S\u00a0 \u00a0 \u00a0M\u00a0 \u00a0 \u00a0 L\u00a0 \u00a0 XL\u00a0 \u00a0 \u00a02XL bel\u00a0 \u00a0 \u00a0 \u00a0 \u00a0 \u00a0 39\u00a0 \u00a0 41\u00a0 \u00a0 43\u00a0 \u00a0 45\u00a0 \u00a0 47\u00a0 \u00a0 \u00a049 basen\u00a0 \u00a0 \u00a0 \u00a049\u00a0&hellip; <a class=\"more-link\" href=\"https:\/\/myoceantex.com\/en\/product\/blue-jeans-erkek-denim-pantolon-blue-mavi\/\">Continue reading <span class=\"screen-reader-text\">kad\u0131n erkek unisex denim jeans pantolon<\/span><\/a><\/p>","protected":false},"featured_media":2876,"comment_status":"open","ping_status":"closed","template":"","meta":{"_coblocks_attr":"","_coblocks_dimensions":"","_coblocks_responsive_height":"","_coblocks_accordion_ie_support":"","_themeisle_gutenberg_block_has_review":false},"pwb-brand":[58],"product_brand":[],"product_cat":[28,15,52,61],"product_tag":[68],"class_list":{"0":"post-2713","1":"product","2":"type-product","3":"status-publish","4":"has-post-thumbnail","6":"pwb-brand-myocean","7":"product_cat-fashion-daily-2","8":"product_cat-genel","9":"product_cat-pant","10":"product_cat-unisex","11":"product_tag-myocean","12":"entry","14":"first","15":"instock","16":"shipping-taxable","17":"product-type-variable"},"jetpack_sharing_enabled":true,"brands":[{"id":58,"name":"myocean","slug":"myocean"}],"_links":{"self":[{"href":"https:\/\/myoceantex.com\/en\/wp-json\/wp\/v2\/product\/2713","targetHints":{"allow":["GET"]}}],"collection":[{"href":"https:\/\/myoceantex.com\/en\/wp-json\/wp\/v2\/product"}],"about":[{"href":"https:\/\/myoceantex.com\/en\/wp-json\/wp\/v2\/types\/product"}],"replies":[{"embeddable":true,"href":"https:\/\/myoceantex.com\/en\/wp-json\/wp\/v2\/comments?post=2713"}],"wp:featuredmedia":[{"embeddable":true,"href":"https:\/\/myoceantex.com\/en\/wp-json\/wp\/v2\/media\/2876"}],"wp:attachment":[{"href":"https:\/\/myoceantex.com\/en\/wp-json\/wp\/v2\/media?parent=2713"}],"wp:term":[{"taxonomy":"pwb-brand","embeddable":true,"href":"https:\/\/myoceantex.com\/en\/wp-json\/wp\/v2\/pwb-brand?post=2713"},{"taxonomy":"product_brand","embeddable":true,"href":"https:\/\/myoceantex.com\/en\/wp-json\/wp\/v2\/product_brand?post=2713"},{"taxonomy":"product_cat","embeddable":true,"href":"https:\/\/myoceantex.com\/en\/wp-json\/wp\/v2\/product_cat?post=2713"},{"taxonomy":"product_tag","embeddable":true,"href":"https:\/\/myoceantex.com\/en\/wp-json\/wp\/v2\/product_tag?post=2713"}],"curies":[{"name":"wp","href":"https:\/\/api.w.org\/{rel}","templated":true}]}}