{"id":2477,"date":"2024-01-30T17:03:26","date_gmt":"2024-01-30T14:03:26","guid":{"rendered":"https:\/\/myoceantex.com\/?post_type=product&#038;p=2477"},"modified":"2026-04-13T13:51:24","modified_gmt":"2026-04-13T10:51:24","slug":"flora-softshell-outdoor-kadin-pantolon","status":"publish","type":"product","link":"https:\/\/myoceantex.com\/en\/product\/flora-softshell-outdoor-kadin-pantolon\/","title":{"rendered":"spence softshell outdoor kad\u0131n pantolon"},"content":{"rendered":"<div>\n<div>\n<p>KUMA\u015e \u00d6ZELL\u0130KLER\u0130<\/p>\n<\/div>\n<div>\u00a0 \u00a0softshell kuma\u015f orta kal\u0131nl\u0131k<\/div>\n<div>\u00a0 \u00a0su itici ve. leke tutmazl\u0131k apre<\/div>\n<div>\u00a0 \u00a0Kullan\u0131m Y\u0131kama Talimat\u0131 :<\/div>\n<div>\u00a0 \u00a030 derece makinada y\u0131kanabilir, sererek kurutunuz,<\/div>\n<div>\u00a0 \u00a0polar yap\u0131l\u0131 i\u00e7 taraf.<\/div>\n<\/div>\n<div>\u00a0 \u00a0MODEL \u00d6ZELL\u0130KLER\u0130<\/div>\n<div>\u00a0 \u00a0regular fit<\/div>\n<div>\u00a0 \u00a0Bel yan k\u0131s\u0131mlar\u0131nda lastik detay\u0131<\/div>\n<div>\u00a0 \u00a0rahat hareket i\u00e7in tasarlanm\u0131\u015f kal\u0131p,<\/div>\n<div>\u00a0 \u00a0su ge\u00e7irmez fermuarl\u0131 \u00f6n cepler<\/div>\n<div>\u00a0 \u00a0kullan\u0131m: k\u0131\u015f aylar\u0131 ve so\u011fuk havalarda<\/div>\n<div>bedenler\u00a0 XS\u00a0 \u00a0 S\u00a0 \u00a0 M\u00a0 \u00a0 L\u00a0 \u00a0 XL\u00a0 \u00a0 2XL<\/div>\n<div>bel\u00a0 \u00a0 \u00a0 \u00a0 \u00a0 \u00a036\u00a0 \u00a038\u00a0 40\u00a0 \u00a042\u00a0 \u00a044\u00a0 \u00a0 46<\/div>\n<div>basen\u00a0 \u00a0 \u00a0 \u00a047\u00a0 \u00a049\u00a0 51\u00a0 \u00a053\u00a0 \u00a055\u00a0 \u00a0 57<\/div>\n<div>paca\u00a0 \u00a0 \u00a0 \u00a0 \u00a018\u00a0 \u00a018\u00a0 19\u00a0 \u00a019\u00a0 \u00a020\u00a0 \u00a0 20<\/div>\n<div>i\u00e7 boy\u00a0 \u00a0 \u00a0 \u00a075\u00a0 \u00a075\u00a0 \u00a075\u00a0 76\u00a0 \u00a076\u00a0 \u00a0 77<\/div>","protected":false},"excerpt":{"rendered":"<p>KUMA\u015e \u00d6ZELL\u0130KLER\u0130 \u00a0 \u00a0softshell kuma\u015f orta kal\u0131nl\u0131k \u00a0 \u00a0su itici ve. leke tutmazl\u0131k apre \u00a0 \u00a0Kullan\u0131m Y\u0131kama Talimat\u0131 : \u00a0 \u00a030 derece makinada y\u0131kanabilir, sererek kurutunuz, \u00a0 \u00a0polar yap\u0131l\u0131 i\u00e7 taraf. \u00a0 \u00a0MODEL \u00d6ZELL\u0130KLER\u0130 \u00a0 \u00a0regular fit \u00a0 \u00a0Bel yan k\u0131s\u0131mlar\u0131nda lastik detay\u0131 \u00a0 \u00a0rahat hareket i\u00e7in tasarlanm\u0131\u015f kal\u0131p, \u00a0 \u00a0su ge\u00e7irmez fermuarl\u0131 \u00f6n cepler&hellip; <a class=\"more-link\" href=\"https:\/\/myoceantex.com\/en\/product\/flora-softshell-outdoor-kadin-pantolon\/\">Continue reading <span class=\"screen-reader-text\">spence softshell outdoor kad\u0131n pantolon<\/span><\/a><\/p>","protected":false},"featured_media":2882,"comment_status":"open","ping_status":"closed","template":"","meta":{"_coblocks_attr":"","_coblocks_dimensions":"","_coblocks_responsive_height":"","_coblocks_accordion_ie_support":"","_themeisle_gutenberg_block_has_review":false},"pwb-brand":[59],"product_brand":[],"product_cat":[15,23,52],"product_tag":[67],"class_list":{"0":"post-2477","1":"product","2":"type-product","3":"status-publish","4":"has-post-thumbnail","6":"pwb-brand-ostorm","7":"product_cat-genel","8":"product_cat-outdoor-sport-2","9":"product_cat-pant","10":"product_tag-ostorm","11":"entry","13":"first","14":"instock","15":"shipping-taxable","16":"product-type-variable"},"jetpack_sharing_enabled":true,"brands":[{"id":59,"name":"o'storm","slug":"ostorm"}],"_links":{"self":[{"href":"https:\/\/myoceantex.com\/en\/wp-json\/wp\/v2\/product\/2477","targetHints":{"allow":["GET"]}}],"collection":[{"href":"https:\/\/myoceantex.com\/en\/wp-json\/wp\/v2\/product"}],"about":[{"href":"https:\/\/myoceantex.com\/en\/wp-json\/wp\/v2\/types\/product"}],"replies":[{"embeddable":true,"href":"https:\/\/myoceantex.com\/en\/wp-json\/wp\/v2\/comments?post=2477"}],"wp:featuredmedia":[{"embeddable":true,"href":"https:\/\/myoceantex.com\/en\/wp-json\/wp\/v2\/media\/2882"}],"wp:attachment":[{"href":"https:\/\/myoceantex.com\/en\/wp-json\/wp\/v2\/media?parent=2477"}],"wp:term":[{"taxonomy":"pwb-brand","embeddable":true,"href":"https:\/\/myoceantex.com\/en\/wp-json\/wp\/v2\/pwb-brand?post=2477"},{"taxonomy":"product_brand","embeddable":true,"href":"https:\/\/myoceantex.com\/en\/wp-json\/wp\/v2\/product_brand?post=2477"},{"taxonomy":"product_cat","embeddable":true,"href":"https:\/\/myoceantex.com\/en\/wp-json\/wp\/v2\/product_cat?post=2477"},{"taxonomy":"product_tag","embeddable":true,"href":"https:\/\/myoceantex.com\/en\/wp-json\/wp\/v2\/product_tag?post=2477"}],"curies":[{"name":"wp","href":"https:\/\/api.w.org\/{rel}","templated":true}]}}