{"id":2464,"date":"2024-01-10T15:41:08","date_gmt":"2024-01-10T12:41:08","guid":{"rendered":"https:\/\/myoceantex.com\/?post_type=product&#038;p=2464"},"modified":"2026-03-24T15:37:43","modified_gmt":"2026-03-24T12:37:43","slug":"proheat-saf-yun-mont-ceket","status":"publish","type":"product","link":"https:\/\/myoceantex.com\/en\/product\/proheat-saf-yun-mont-ceket\/","title":{"rendered":"proheat y\u00fcn (wool) mont ceket"},"content":{"rendered":"<p>kuma\u015f : %100\u00a0 y\u00fcn<\/p>\n<p>astar : %100 polyester mikro su ge\u00e7irmez, leke tutmaz<\/p>\n<p>model \u00f6zellikleri :<\/p>\n<p>oversize ( bol ) fit<\/p>\n<p>yanlarda gizli kemik fermuar el cepleri<\/p>\n<p>\u00f6n pat kemik fermuar<\/p>\n<p>&nbsp;<\/p>","protected":false},"excerpt":{"rendered":"<p>kuma\u015f : %100\u00a0 y\u00fcn astar : %100 polyester mikro su ge\u00e7irmez, leke tutmaz model \u00f6zellikleri : oversize ( bol ) fit yanlarda gizli kemik fermuar el cepleri \u00f6n pat kemik fermuar &nbsp;<\/p>","protected":false},"featured_media":2892,"comment_status":"open","ping_status":"closed","template":"","meta":{"_coblocks_attr":"","_coblocks_dimensions":"","_coblocks_responsive_height":"","_coblocks_accordion_ie_support":"","_themeisle_gutenberg_block_has_review":false},"pwb-brand":[59],"product_brand":[],"product_cat":[15,42,61,24],"product_tag":[67],"class_list":{"0":"post-2464","1":"product","2":"type-product","3":"status-publish","4":"has-post-thumbnail","6":"pwb-brand-ostorm","7":"product_cat-genel","8":"product_cat-mont","9":"product_cat-unisex","10":"product_cat-fashion-daily","11":"product_tag-ostorm","12":"entry","14":"first","15":"instock","16":"shipping-taxable","17":"product-type-variable"},"jetpack_sharing_enabled":true,"brands":[{"id":59,"name":"o'storm","slug":"ostorm"}],"_links":{"self":[{"href":"https:\/\/myoceantex.com\/en\/wp-json\/wp\/v2\/product\/2464","targetHints":{"allow":["GET"]}}],"collection":[{"href":"https:\/\/myoceantex.com\/en\/wp-json\/wp\/v2\/product"}],"about":[{"href":"https:\/\/myoceantex.com\/en\/wp-json\/wp\/v2\/types\/product"}],"replies":[{"embeddable":true,"href":"https:\/\/myoceantex.com\/en\/wp-json\/wp\/v2\/comments?post=2464"}],"wp:featuredmedia":[{"embeddable":true,"href":"https:\/\/myoceantex.com\/en\/wp-json\/wp\/v2\/media\/2892"}],"wp:attachment":[{"href":"https:\/\/myoceantex.com\/en\/wp-json\/wp\/v2\/media?parent=2464"}],"wp:term":[{"taxonomy":"pwb-brand","embeddable":true,"href":"https:\/\/myoceantex.com\/en\/wp-json\/wp\/v2\/pwb-brand?post=2464"},{"taxonomy":"product_brand","embeddable":true,"href":"https:\/\/myoceantex.com\/en\/wp-json\/wp\/v2\/product_brand?post=2464"},{"taxonomy":"product_cat","embeddable":true,"href":"https:\/\/myoceantex.com\/en\/wp-json\/wp\/v2\/product_cat?post=2464"},{"taxonomy":"product_tag","embeddable":true,"href":"https:\/\/myoceantex.com\/en\/wp-json\/wp\/v2\/product_tag?post=2464"}],"curies":[{"name":"wp","href":"https:\/\/api.w.org\/{rel}","templated":true}]}}