{"id":2455,"date":"2024-01-08T15:14:34","date_gmt":"2024-01-08T12:14:34","guid":{"rendered":"https:\/\/myoceantex.com\/?post_type=product&#038;p=2455"},"modified":"2026-03-24T15:39:53","modified_gmt":"2026-03-24T12:39:53","slug":"danny-erkek-sweatshirt","status":"publish","type":"product","link":"https:\/\/myoceantex.com\/en\/product\/danny-erkek-sweatshirt\/","title":{"rendered":"danny erkek sweatshirt"},"content":{"rendered":"<p>kuma\u015f \u00f6zellikleri :<\/p>\n<p>%100 polyester, iki ip, i\u00e7i taraf lizal\u0131,<\/p>\n<p>s\u0131cak ve yumu\u015fak his<\/p>\n<p>model \u00f6zellikleri :<\/p>\n<p>slim fit,<\/p>\n<p>ribanal\u0131 kol a\u011fz\u0131 ve yaka,<\/p>\n<table style=\"height: 205px;\" width=\"254\">\n<tbody>\n<tr>\n<td width=\"78\"><\/td>\n<td width=\"289\"><\/td>\n<td width=\"37\">S<\/td>\n<td width=\"67\">M<\/td>\n<td width=\"96\">L<\/td>\n<td width=\"42\">XL<\/td>\n<td width=\"42\">2XL<\/td>\n<\/tr>\n<tr>\n<td>g\u00f6\u011f\u00fcs<\/td>\n<td><\/td>\n<td>51<\/td>\n<td>53<\/td>\n<td>55<\/td>\n<td>57<\/td>\n<td>59<\/td>\n<\/tr>\n<tr>\n<td>etek<\/td>\n<td><\/td>\n<td>48<\/td>\n<td>50<\/td>\n<td>52<\/td>\n<td>54<\/td>\n<td>56<\/td>\n<\/tr>\n<tr>\n<td>a.o boy<\/td>\n<td><\/td>\n<td>70<\/td>\n<td>71<\/td>\n<td>72<\/td>\n<td>73<\/td>\n<td>74<\/td>\n<\/tr>\n<tr>\n<td>kol boyu<\/td>\n<td><\/td>\n<td>62<\/td>\n<td>63<\/td>\n<td>64<\/td>\n<td>64<\/td>\n<td>65<\/td>\n<\/tr>\n<\/tbody>\n<\/table>","protected":false},"excerpt":{"rendered":"<p>kuma\u015f \u00f6zellikleri : %100 polyester, iki ip, i\u00e7i taraf lizal\u0131, s\u0131cak ve yumu\u015fak his model \u00f6zellikleri : slim fit, ribanal\u0131 kol a\u011fz\u0131 ve yaka, S M L XL 2XL g\u00f6\u011f\u00fcs 51 53 55 57 59 etek 48 50 52 54 56 a.o boy 70 71 72 73 74 kol boyu 62 63 64 64 65<\/p>","protected":false},"featured_media":2456,"comment_status":"open","ping_status":"closed","template":"","meta":{"_coblocks_attr":"","_coblocks_dimensions":"","_coblocks_responsive_height":"","_coblocks_accordion_ie_support":"","_themeisle_gutenberg_block_has_review":false},"pwb-brand":[59],"product_brand":[],"product_cat":[28,15,66,53,61],"product_tag":[],"class_list":{"0":"post-2455","1":"product","2":"type-product","3":"status-publish","4":"has-post-thumbnail","6":"pwb-brand-ostorm","7":"product_cat-fashion-daily-2","8":"product_cat-genel","9":"product_cat-sweatshirt","10":"product_cat-t-shirt","11":"product_cat-unisex","12":"entry","14":"first","15":"instock","16":"shipping-taxable","17":"product-type-variable"},"jetpack_sharing_enabled":true,"brands":[{"id":59,"name":"o'storm","slug":"ostorm"}],"_links":{"self":[{"href":"https:\/\/myoceantex.com\/en\/wp-json\/wp\/v2\/product\/2455","targetHints":{"allow":["GET"]}}],"collection":[{"href":"https:\/\/myoceantex.com\/en\/wp-json\/wp\/v2\/product"}],"about":[{"href":"https:\/\/myoceantex.com\/en\/wp-json\/wp\/v2\/types\/product"}],"replies":[{"embeddable":true,"href":"https:\/\/myoceantex.com\/en\/wp-json\/wp\/v2\/comments?post=2455"}],"wp:featuredmedia":[{"embeddable":true,"href":"https:\/\/myoceantex.com\/en\/wp-json\/wp\/v2\/media\/2456"}],"wp:attachment":[{"href":"https:\/\/myoceantex.com\/en\/wp-json\/wp\/v2\/media?parent=2455"}],"wp:term":[{"taxonomy":"pwb-brand","embeddable":true,"href":"https:\/\/myoceantex.com\/en\/wp-json\/wp\/v2\/pwb-brand?post=2455"},{"taxonomy":"product_brand","embeddable":true,"href":"https:\/\/myoceantex.com\/en\/wp-json\/wp\/v2\/product_brand?post=2455"},{"taxonomy":"product_cat","embeddable":true,"href":"https:\/\/myoceantex.com\/en\/wp-json\/wp\/v2\/product_cat?post=2455"},{"taxonomy":"product_tag","embeddable":true,"href":"https:\/\/myoceantex.com\/en\/wp-json\/wp\/v2\/product_tag?post=2455"}],"curies":[{"name":"wp","href":"https:\/\/api.w.org\/{rel}","templated":true}]}}