{"id":2392,"date":"2023-12-27T15:21:09","date_gmt":"2023-12-27T12:21:09","guid":{"rendered":"https:\/\/myoceantex.com\/?post_type=product&#038;p=2392"},"modified":"2026-04-13T13:57:00","modified_gmt":"2026-04-13T10:57:00","slug":"zoro-tactical-outdoor-erkek-pantolon","status":"publish","type":"product","link":"https:\/\/myoceantex.com\/en\/product\/zoro-tactical-outdoor-erkek-pantolon\/","title":{"rendered":"zoro tactical outdoor erkek pantolon"},"content":{"rendered":"<p>kuma\u015f \u00f6zellikleri ;<\/p>\n<p>%100 polyester, ripstop dokuma<\/p>\n<p>orta kal\u0131nl\u0131k , y\u0131rt\u0131l\u0131lmaya dayan\u0131kl\u0131<\/p>\n<p>model \u00f6zellikleri ;<\/p>\n<p>regular fit,<\/p>\n<p>dar pa\u00e7a, \u00f6nde kasap el cepleri,arkada ters fermuar cepler,<\/p>\n<p>dizlerde ters fermuar cepler, beli yanlardan lastikli.<\/p>\n<p>bedenler\u00a0 \u00a0S\u00a0 \u00a0 M\u00a0 \u00a0 L\u00a0 \u00a0 \u00a0XL\u00a0 \u00a02XL<\/p>\n<p>bel\u00a0 \u00a0 \u00a0 \u00a0 \u00a0 \u00a0 42\u00a0 \u00a044\u00a0 \u00a046\u00a0 \u00a048\u00a0 \u00a050<\/p>\n<p>basen\u00a0 \u00a0 51,5\u00a0 53,5\u00a0 55,5\u00a0 57,5\u00a0 \u00a059,5<\/p>\n<p>pa\u00e7a\u00a0 \u00a0 \u00a0 \u00a0 \u00a020\u00a0 20,5\u00a0 21\u00a0 \u00a021,5\u00a0 22<\/p>\n<p>i\u00e7 boy\u00a0 \u00a0 \u00a0 \u00a0 80\u00a0 \u00a080\u00a0 \u00a080\u00a0 \u00a081\u00a0 \u00a081<\/p>\n<p>&nbsp;<\/p>","protected":false},"excerpt":{"rendered":"<p>kuma\u015f \u00f6zellikleri ; %100 polyester, ripstop dokuma orta kal\u0131nl\u0131k , y\u0131rt\u0131l\u0131lmaya dayan\u0131kl\u0131 model \u00f6zellikleri ; regular fit, dar pa\u00e7a, \u00f6nde kasap el cepleri,arkada ters fermuar cepler, dizlerde ters fermuar cepler, beli yanlardan lastikli. bedenler\u00a0 \u00a0S\u00a0 \u00a0 M\u00a0 \u00a0 L\u00a0 \u00a0 \u00a0XL\u00a0 \u00a02XL bel\u00a0 \u00a0 \u00a0 \u00a0 \u00a0 \u00a0 42\u00a0 \u00a044\u00a0 \u00a046\u00a0 \u00a048\u00a0 \u00a050 basen\u00a0 \u00a0&hellip; <a class=\"more-link\" href=\"https:\/\/myoceantex.com\/en\/product\/zoro-tactical-outdoor-erkek-pantolon\/\">Continue reading <span class=\"screen-reader-text\">zoro tactical outdoor erkek pantolon<\/span><\/a><\/p>","protected":false},"featured_media":2408,"comment_status":"open","ping_status":"closed","template":"","meta":{"_coblocks_attr":"","_coblocks_dimensions":"","_coblocks_responsive_height":"","_coblocks_accordion_ie_support":"","_themeisle_gutenberg_block_has_review":false},"pwb-brand":[59],"product_brand":[],"product_cat":[15,23,52],"product_tag":[67],"class_list":{"0":"post-2392","1":"product","2":"type-product","3":"status-publish","4":"has-post-thumbnail","6":"pwb-brand-ostorm","7":"product_cat-genel","8":"product_cat-outdoor-sport-2","9":"product_cat-pant","10":"product_tag-ostorm","11":"entry","13":"first","14":"instock","15":"shipping-taxable","16":"product-type-variable"},"jetpack_sharing_enabled":true,"brands":[{"id":59,"name":"o'storm","slug":"ostorm"}],"_links":{"self":[{"href":"https:\/\/myoceantex.com\/en\/wp-json\/wp\/v2\/product\/2392","targetHints":{"allow":["GET"]}}],"collection":[{"href":"https:\/\/myoceantex.com\/en\/wp-json\/wp\/v2\/product"}],"about":[{"href":"https:\/\/myoceantex.com\/en\/wp-json\/wp\/v2\/types\/product"}],"replies":[{"embeddable":true,"href":"https:\/\/myoceantex.com\/en\/wp-json\/wp\/v2\/comments?post=2392"}],"wp:featuredmedia":[{"embeddable":true,"href":"https:\/\/myoceantex.com\/en\/wp-json\/wp\/v2\/media\/2408"}],"wp:attachment":[{"href":"https:\/\/myoceantex.com\/en\/wp-json\/wp\/v2\/media?parent=2392"}],"wp:term":[{"taxonomy":"pwb-brand","embeddable":true,"href":"https:\/\/myoceantex.com\/en\/wp-json\/wp\/v2\/pwb-brand?post=2392"},{"taxonomy":"product_brand","embeddable":true,"href":"https:\/\/myoceantex.com\/en\/wp-json\/wp\/v2\/product_brand?post=2392"},{"taxonomy":"product_cat","embeddable":true,"href":"https:\/\/myoceantex.com\/en\/wp-json\/wp\/v2\/product_cat?post=2392"},{"taxonomy":"product_tag","embeddable":true,"href":"https:\/\/myoceantex.com\/en\/wp-json\/wp\/v2\/product_tag?post=2392"}],"curies":[{"name":"wp","href":"https:\/\/api.w.org\/{rel}","templated":true}]}}