{"id":2277,"date":"2023-10-05T13:11:08","date_gmt":"2023-10-05T10:11:08","guid":{"rendered":"https:\/\/myoceantex.com\/?post_type=product&#038;p=2277"},"modified":"2026-04-13T14:02:17","modified_gmt":"2026-04-13T11:02:17","slug":"agit-tactical-erkek-pantolon","status":"publish","type":"product","link":"https:\/\/myoceantex.com\/en\/product\/agit-tactical-erkek-pantolon\/","title":{"rendered":"Agit tactical outdoor erkek pantolon"},"content":{"rendered":"<p>kuma\u015f \u00f6zellikleri :<\/p>\n<p>%65 polyester %33 cotton %2 elastan<\/p>\n<p>rip stop dokuma\u00a0 y\u0131rt\u0131lmaya dayan\u0131kl\u0131<\/p>\n<p>orta kal\u0131nl\u0131k, su itici apre<\/p>\n<p>model \u00f6zellikleri :<\/p>\n<p>regular fit<\/p>\n<p>k\u00f6r\u00fckl\u00fc kemer ile hareket \u00f6zg\u00fcrl\u00fc\u011f\u00fc<\/p>\n<p>\u00e7ok ama\u00e7l\u0131 \u00f6n yan ve arka cepler,<\/p>\n<p>arazi ve g\u00fcnl\u00fck kullan\u0131ma uygun<\/p>\n<table width=\"396\">\n<tbody>\n<tr>\n<td width=\"68\"><\/td>\n<td width=\"70\"><\/td>\n<td width=\"60\">m<\/td>\n<td width=\"60\">l<\/td>\n<td width=\"67\">xl<\/td>\n<td width=\"71\">2xl<\/td>\n<\/tr>\n<tr>\n<td>bel<\/td>\n<td><\/td>\n<td>45<\/td>\n<td>47<\/td>\n<td>49<\/td>\n<td>51<\/td>\n<\/tr>\n<tr>\n<td>basen<\/td>\n<td><\/td>\n<td>53,5<\/td>\n<td>55,5<\/td>\n<td>57,5<\/td>\n<td>59,5<\/td>\n<\/tr>\n<tr>\n<td>bald\u0131r<\/td>\n<td><\/td>\n<td>31<\/td>\n<td>32<\/td>\n<td>33<\/td>\n<td>34<\/td>\n<\/tr>\n<tr>\n<td>pa\u00e7a<\/td>\n<td><\/td>\n<td>20,5<\/td>\n<td>21<\/td>\n<td>21,5<\/td>\n<td>22<\/td>\n<\/tr>\n<tr>\n<td>i\u00e7 boy<\/td>\n<td><\/td>\n<td>82<\/td>\n<td>82<\/td>\n<td>82<\/td>\n<td>82<\/td>\n<\/tr>\n<\/tbody>\n<\/table>","protected":false},"excerpt":{"rendered":"<p>kuma\u015f \u00f6zellikleri : %65 polyester %33 cotton %2 elastan rip stop dokuma\u00a0 y\u0131rt\u0131lmaya dayan\u0131kl\u0131 orta kal\u0131nl\u0131k, su itici apre model \u00f6zellikleri : regular fit k\u00f6r\u00fckl\u00fc kemer ile hareket \u00f6zg\u00fcrl\u00fc\u011f\u00fc \u00e7ok ama\u00e7l\u0131 \u00f6n yan ve arka cepler, arazi ve g\u00fcnl\u00fck kullan\u0131ma uygun m l xl 2xl bel 45 47 49 51 basen 53,5 55,5 57,5 59,5&hellip; <a class=\"more-link\" href=\"https:\/\/myoceantex.com\/en\/product\/agit-tactical-erkek-pantolon\/\">Continue reading <span class=\"screen-reader-text\">Agit tactical outdoor erkek pantolon<\/span><\/a><\/p>","protected":false},"featured_media":2278,"comment_status":"open","ping_status":"closed","template":"","meta":{"_coblocks_attr":"","_coblocks_dimensions":"","_coblocks_responsive_height":"","_coblocks_accordion_ie_support":"","_themeisle_gutenberg_block_has_review":false},"pwb-brand":[59],"product_brand":[],"product_cat":[15,23,52],"product_tag":[],"class_list":{"0":"post-2277","1":"product","2":"type-product","3":"status-publish","4":"has-post-thumbnail","6":"pwb-brand-ostorm","7":"product_cat-genel","8":"product_cat-outdoor-sport-2","9":"product_cat-pant","10":"entry","12":"first","13":"instock","14":"shipping-taxable","15":"product-type-variable"},"jetpack_sharing_enabled":true,"brands":[{"id":59,"name":"o'storm","slug":"ostorm"}],"_links":{"self":[{"href":"https:\/\/myoceantex.com\/en\/wp-json\/wp\/v2\/product\/2277","targetHints":{"allow":["GET"]}}],"collection":[{"href":"https:\/\/myoceantex.com\/en\/wp-json\/wp\/v2\/product"}],"about":[{"href":"https:\/\/myoceantex.com\/en\/wp-json\/wp\/v2\/types\/product"}],"replies":[{"embeddable":true,"href":"https:\/\/myoceantex.com\/en\/wp-json\/wp\/v2\/comments?post=2277"}],"wp:featuredmedia":[{"embeddable":true,"href":"https:\/\/myoceantex.com\/en\/wp-json\/wp\/v2\/media\/2278"}],"wp:attachment":[{"href":"https:\/\/myoceantex.com\/en\/wp-json\/wp\/v2\/media?parent=2277"}],"wp:term":[{"taxonomy":"pwb-brand","embeddable":true,"href":"https:\/\/myoceantex.com\/en\/wp-json\/wp\/v2\/pwb-brand?post=2277"},{"taxonomy":"product_brand","embeddable":true,"href":"https:\/\/myoceantex.com\/en\/wp-json\/wp\/v2\/product_brand?post=2277"},{"taxonomy":"product_cat","embeddable":true,"href":"https:\/\/myoceantex.com\/en\/wp-json\/wp\/v2\/product_cat?post=2277"},{"taxonomy":"product_tag","embeddable":true,"href":"https:\/\/myoceantex.com\/en\/wp-json\/wp\/v2\/product_tag?post=2277"}],"curies":[{"name":"wp","href":"https:\/\/api.w.org\/{rel}","templated":true}]}}