{"id":2189,"date":"2023-09-15T18:02:31","date_gmt":"2023-09-15T15:02:31","guid":{"rendered":"https:\/\/myoceantex.com\/?post_type=product&#038;p=2189"},"modified":"2026-03-24T15:44:26","modified_gmt":"2026-03-24T12:44:26","slug":"flawa-bayan-softshell-mont","status":"publish","type":"product","link":"https:\/\/myoceantex.com\/en\/product\/flawa-bayan-softshell-mont\/","title":{"rendered":"splin kad\u0131n softshell outdoor mont ceket"},"content":{"rendered":"<p>%100 polyester softshell<\/p>\n<p>regular fit<\/p>\n<p>su itici apre<\/p>\n<p>so\u011fuk havalarda kullan\u0131m<\/p>\n<p>\u00f6n pat ve el cepleri su ge\u00e7irmez fermuar<\/p>\n<p>kol a\u011fz\u0131 ayarlanabilir<\/p>\n<p>bedenler\u00a0 \u00a0XS\u00a0 \u00a0S\u00a0 \u00a0M\u00a0 \u00a0L\u00a0 \u00a0XL\u00a0 \u00a02XL<\/p>\n<p>gogus\u00a0 \u00a0 \u00a0 \u00a053\u00a0 55\u00a0 57\u00a0 59\u00a0 \u00a061\u00a0 93<\/p>\n<p>bel\u00a0 \u00a0 \u00a0 \u00a0 \u00a0 \u00a0 51\u00a0 53\u00a0 55\u00a0 57\u00a0 \u00a059\u00a0 \u00a061<\/p>\n<p>pat (\u00f6n)\u00a0 \u00a0 \u00a065\u00a0 66\u00a0 67\u00a0 68\u00a0 \u00a070\u00a0 \u00a071<\/p>\n<p>arka orta\u00a0 \u00a067\u00a0 68\u00a0 \u00a069\u00a0 71\u00a0 72\u00a0 \u00a073<\/p>\n<p>&nbsp;<\/p>","protected":false},"excerpt":{"rendered":"<p>%100 polyester softshell regular fit su itici apre so\u011fuk havalarda kullan\u0131m \u00f6n pat ve el cepleri su ge\u00e7irmez fermuar kol a\u011fz\u0131 ayarlanabilir bedenler\u00a0 \u00a0XS\u00a0 \u00a0S\u00a0 \u00a0M\u00a0 \u00a0L\u00a0 \u00a0XL\u00a0 \u00a02XL gogus\u00a0 \u00a0 \u00a0 \u00a053\u00a0 55\u00a0 57\u00a0 59\u00a0 \u00a061\u00a0 93 bel\u00a0 \u00a0 \u00a0 \u00a0 \u00a0 \u00a0 51\u00a0 53\u00a0 55\u00a0 57\u00a0 \u00a059\u00a0 \u00a061 pat (\u00f6n)\u00a0 \u00a0 \u00a065\u00a0 66\u00a0&hellip; <a class=\"more-link\" href=\"https:\/\/myoceantex.com\/en\/product\/flawa-bayan-softshell-mont\/\">Continue reading <span class=\"screen-reader-text\">splin kad\u0131n softshell outdoor mont ceket<\/span><\/a><\/p>","protected":false},"featured_media":2908,"comment_status":"open","ping_status":"closed","template":"","meta":{"_coblocks_attr":"","_coblocks_dimensions":"","_coblocks_responsive_height":"","_coblocks_accordion_ie_support":"","_themeisle_gutenberg_block_has_review":false},"pwb-brand":[59],"product_brand":[],"product_cat":[15,42,23],"product_tag":[],"class_list":{"0":"post-2189","1":"product","2":"type-product","3":"status-publish","4":"has-post-thumbnail","6":"pwb-brand-ostorm","7":"product_cat-genel","8":"product_cat-mont","9":"product_cat-outdoor-sport-2","10":"entry","12":"first","13":"instock","14":"shipping-taxable","15":"product-type-variable"},"jetpack_sharing_enabled":true,"brands":[{"id":59,"name":"o'storm","slug":"ostorm"}],"_links":{"self":[{"href":"https:\/\/myoceantex.com\/en\/wp-json\/wp\/v2\/product\/2189","targetHints":{"allow":["GET"]}}],"collection":[{"href":"https:\/\/myoceantex.com\/en\/wp-json\/wp\/v2\/product"}],"about":[{"href":"https:\/\/myoceantex.com\/en\/wp-json\/wp\/v2\/types\/product"}],"replies":[{"embeddable":true,"href":"https:\/\/myoceantex.com\/en\/wp-json\/wp\/v2\/comments?post=2189"}],"wp:featuredmedia":[{"embeddable":true,"href":"https:\/\/myoceantex.com\/en\/wp-json\/wp\/v2\/media\/2908"}],"wp:attachment":[{"href":"https:\/\/myoceantex.com\/en\/wp-json\/wp\/v2\/media?parent=2189"}],"wp:term":[{"taxonomy":"pwb-brand","embeddable":true,"href":"https:\/\/myoceantex.com\/en\/wp-json\/wp\/v2\/pwb-brand?post=2189"},{"taxonomy":"product_brand","embeddable":true,"href":"https:\/\/myoceantex.com\/en\/wp-json\/wp\/v2\/product_brand?post=2189"},{"taxonomy":"product_cat","embeddable":true,"href":"https:\/\/myoceantex.com\/en\/wp-json\/wp\/v2\/product_cat?post=2189"},{"taxonomy":"product_tag","embeddable":true,"href":"https:\/\/myoceantex.com\/en\/wp-json\/wp\/v2\/product_tag?post=2189"}],"curies":[{"name":"wp","href":"https:\/\/api.w.org\/{rel}","templated":true}]}}