{"id":2093,"date":"2023-09-06T17:59:30","date_gmt":"2023-09-06T14:59:30","guid":{"rendered":"https:\/\/myoceantex.com\/?post_type=product&#038;p=2093"},"modified":"2026-04-13T14:07:18","modified_gmt":"2026-04-13T11:07:18","slug":"dllas-lamine-yelek","status":"publish","type":"product","link":"https:\/\/myoceantex.com\/en\/product\/dllas-lamine-yelek\/","title":{"rendered":"Dallas kaplama outdoor yelek"},"content":{"rendered":"<p>slim fit \/ unisex<\/p>\n<p>%95 polyamid % 5 elastan kaplama i\u00e7 y\u00fczey<\/p>\n<p>fabric made in \u0131taly<\/p>\n<p>super soft, hafif ve esnek<\/p>\n<p>su itici apre, antibakteryel koruma \u00f6zelli\u011fi<\/p>\n<p>yanlarda iki adet ters fermuar el cepleri<\/p>\n<p>ara katman olarak kullan\u0131ma uygundur.<\/p>\n<p>&nbsp;<\/p>","protected":false},"excerpt":{"rendered":"<p>slim fit \/ unisex %95 polyamid % 5 elastan kaplama i\u00e7 y\u00fczey fabric made in \u0131taly super soft, hafif ve esnek su itici apre, antibakteryel koruma \u00f6zelli\u011fi yanlarda iki adet ters fermuar el cepleri ara katman olarak kullan\u0131ma uygundur. &nbsp;<\/p>","protected":false},"featured_media":0,"comment_status":"open","ping_status":"closed","template":"","meta":{"_coblocks_attr":"","_coblocks_dimensions":"","_coblocks_responsive_height":"","_coblocks_accordion_ie_support":"","_themeisle_gutenberg_block_has_review":false},"pwb-brand":[59],"product_brand":[],"product_cat":[15,23,61,47],"product_tag":[],"class_list":{"0":"post-2093","1":"product","2":"type-product","3":"status-publish","5":"pwb-brand-ostorm","6":"product_cat-genel","7":"product_cat-outdoor-sport-2","8":"product_cat-unisex","9":"product_cat-yelek","10":"entry","12":"first","13":"instock","14":"shipping-taxable","15":"product-type-variable"},"jetpack_sharing_enabled":true,"brands":[{"id":59,"name":"o'storm","slug":"ostorm"}],"_links":{"self":[{"href":"https:\/\/myoceantex.com\/en\/wp-json\/wp\/v2\/product\/2093","targetHints":{"allow":["GET"]}}],"collection":[{"href":"https:\/\/myoceantex.com\/en\/wp-json\/wp\/v2\/product"}],"about":[{"href":"https:\/\/myoceantex.com\/en\/wp-json\/wp\/v2\/types\/product"}],"replies":[{"embeddable":true,"href":"https:\/\/myoceantex.com\/en\/wp-json\/wp\/v2\/comments?post=2093"}],"wp:attachment":[{"href":"https:\/\/myoceantex.com\/en\/wp-json\/wp\/v2\/media?parent=2093"}],"wp:term":[{"taxonomy":"pwb-brand","embeddable":true,"href":"https:\/\/myoceantex.com\/en\/wp-json\/wp\/v2\/pwb-brand?post=2093"},{"taxonomy":"product_brand","embeddable":true,"href":"https:\/\/myoceantex.com\/en\/wp-json\/wp\/v2\/product_brand?post=2093"},{"taxonomy":"product_cat","embeddable":true,"href":"https:\/\/myoceantex.com\/en\/wp-json\/wp\/v2\/product_cat?post=2093"},{"taxonomy":"product_tag","embeddable":true,"href":"https:\/\/myoceantex.com\/en\/wp-json\/wp\/v2\/product_tag?post=2093"}],"curies":[{"name":"wp","href":"https:\/\/api.w.org\/{rel}","templated":true}]}}