{"id":1954,"date":"2023-08-15T16:28:26","date_gmt":"2023-08-15T13:28:26","guid":{"rendered":"https:\/\/myoceantex.com\/?post_type=product&#038;p=1954"},"modified":"2026-04-13T14:11:49","modified_gmt":"2026-04-13T11:11:49","slug":"dennis-sweatshirt","status":"publish","type":"product","link":"https:\/\/myoceantex.com\/en\/product\/dennis-sweatshirt\/","title":{"rendered":"Dennis polar outdoor unisex sweatshirt"},"content":{"rendered":"<p>%100 PES tek tarafl\u0131 polar<\/p>\n<p>tende rahats\u0131zl\u0131k yaratmaz, elektriklenmez<\/p>\n<p>d\u0131\u015f y\u00fcz polar, orta ince, yumu\u015fak hafif ve esnek<\/p>\n<p>kollarda log diki\u015fi s\u00f6k\u00fclme yapmaz<\/p>\n<p>\u00f6nde yar\u0131m ters fermuar<\/p>\n<p>slim fit<\/p>\n<p>fall\/winter\/spring<\/p>\n<p>bedenler\u00a0 S\u00a0 \u00a0M\u00a0 \u00a0L\u00a0 \u00a0XL\u00a0 \u00a02XL<\/p>\n<p>g\u00f6g\u00fcs\u00a0 \u00a0 \u00a051\u00a0 53\u00a0 55\u00a0 57\u00a0 \u00a059<\/p>\n<p>kol boyu 79\u00a0 80\u00a0 81\u00a0 82\u00a0 \u00a083<\/p>\n<p>arka boy\u00a0 69\u00a0 70\u00a0 71\u00a0 71\u00a0 72<\/p>\n<p>&nbsp;<\/p>","protected":false},"excerpt":{"rendered":"<p>%100 PES tek tarafl\u0131 polar tende rahats\u0131zl\u0131k yaratmaz, elektriklenmez d\u0131\u015f y\u00fcz polar, orta ince, yumu\u015fak hafif ve esnek kollarda log diki\u015fi s\u00f6k\u00fclme yapmaz \u00f6nde yar\u0131m ters fermuar slim fit fall\/winter\/spring bedenler\u00a0 S\u00a0 \u00a0M\u00a0 \u00a0L\u00a0 \u00a0XL\u00a0 \u00a02XL g\u00f6g\u00fcs\u00a0 \u00a0 \u00a051\u00a0 53\u00a0 55\u00a0 57\u00a0 \u00a059 kol boyu 79\u00a0 80\u00a0 81\u00a0 82\u00a0 \u00a083 arka boy\u00a0 69\u00a0 70\u00a0 71\u00a0&hellip; <a class=\"more-link\" href=\"https:\/\/myoceantex.com\/en\/product\/dennis-sweatshirt\/\">Continue reading <span class=\"screen-reader-text\">Dennis polar outdoor unisex sweatshirt<\/span><\/a><\/p>","protected":false},"featured_media":2911,"comment_status":"open","ping_status":"closed","template":"","meta":{"_coblocks_attr":"","_coblocks_dimensions":"","_coblocks_responsive_height":"","_coblocks_accordion_ie_support":"","_themeisle_gutenberg_block_has_review":false},"pwb-brand":[59],"product_brand":[],"product_cat":[15,23,66,53],"product_tag":[],"class_list":{"0":"post-1954","1":"product","2":"type-product","3":"status-publish","4":"has-post-thumbnail","6":"pwb-brand-ostorm","7":"product_cat-genel","8":"product_cat-outdoor-sport-2","9":"product_cat-sweatshirt","10":"product_cat-t-shirt","11":"entry","13":"first","14":"instock","15":"shipping-taxable","16":"product-type-variable"},"jetpack_sharing_enabled":true,"brands":[{"id":59,"name":"o'storm","slug":"ostorm"}],"_links":{"self":[{"href":"https:\/\/myoceantex.com\/en\/wp-json\/wp\/v2\/product\/1954","targetHints":{"allow":["GET"]}}],"collection":[{"href":"https:\/\/myoceantex.com\/en\/wp-json\/wp\/v2\/product"}],"about":[{"href":"https:\/\/myoceantex.com\/en\/wp-json\/wp\/v2\/types\/product"}],"replies":[{"embeddable":true,"href":"https:\/\/myoceantex.com\/en\/wp-json\/wp\/v2\/comments?post=1954"}],"wp:featuredmedia":[{"embeddable":true,"href":"https:\/\/myoceantex.com\/en\/wp-json\/wp\/v2\/media\/2911"}],"wp:attachment":[{"href":"https:\/\/myoceantex.com\/en\/wp-json\/wp\/v2\/media?parent=1954"}],"wp:term":[{"taxonomy":"pwb-brand","embeddable":true,"href":"https:\/\/myoceantex.com\/en\/wp-json\/wp\/v2\/pwb-brand?post=1954"},{"taxonomy":"product_brand","embeddable":true,"href":"https:\/\/myoceantex.com\/en\/wp-json\/wp\/v2\/product_brand?post=1954"},{"taxonomy":"product_cat","embeddable":true,"href":"https:\/\/myoceantex.com\/en\/wp-json\/wp\/v2\/product_cat?post=1954"},{"taxonomy":"product_tag","embeddable":true,"href":"https:\/\/myoceantex.com\/en\/wp-json\/wp\/v2\/product_tag?post=1954"}],"curies":[{"name":"wp","href":"https:\/\/api.w.org\/{rel}","templated":true}]}}