{"id":1875,"date":"2023-08-02T15:39:58","date_gmt":"2023-08-02T12:39:58","guid":{"rendered":"https:\/\/myoceantex.com\/?post_type=product&#038;p=1875"},"modified":"2026-03-24T16:05:28","modified_gmt":"2026-03-24T13:05:28","slug":"luca-t-shirt","status":"publish","type":"product","link":"https:\/\/myoceantex.com\/en\/product\/luca-t-shirt\/","title":{"rendered":"Luca supersoft polyamid tshirt"},"content":{"rendered":"<p><strong>kuma\u015f \u00f6zellikleri<\/strong><\/p>\n<p>%100 polyamid<\/p>\n<p>italyan stili kappa dokuma<\/p>\n<p>dry touch<\/p>\n<p>super soft \u00f6zelli\u011fiyle hissi en aza indiren \u00f6zellik<\/p>\n<p>hava alabilen,<\/p>\n<p>terlemeyi en aza indiren \u00f6zellik,<\/p>\n<p>antibakteryel<\/p>\n<p><strong>model \u00f6zellikleri<\/strong><\/p>\n<p>comfort fit<\/p>\n<p>rahatl\u0131\u011f\u0131 \u00f6n plana \u00e7\u0131karan model<\/p>\n<p>yaka \u00e7\u0131t\u00e7\u0131t d\u00fc\u011fmeli<\/p>","protected":false},"excerpt":{"rendered":"<p>kuma\u015f \u00f6zellikleri %100 polyamid italyan stili kappa dokuma dry touch super soft \u00f6zelli\u011fiyle hissi en aza indiren \u00f6zellik hava alabilen, terlemeyi en aza indiren \u00f6zellik, antibakteryel model \u00f6zellikleri comfort fit rahatl\u0131\u011f\u0131 \u00f6n plana \u00e7\u0131karan model yaka \u00e7\u0131t\u00e7\u0131t d\u00fc\u011fmeli<\/p>","protected":false},"featured_media":2917,"comment_status":"open","ping_status":"closed","template":"","meta":{"_coblocks_attr":"","_coblocks_dimensions":"","_coblocks_responsive_height":"","_coblocks_accordion_ie_support":"","_themeisle_gutenberg_block_has_review":false},"pwb-brand":[],"product_brand":[],"product_cat":[28,15,53],"product_tag":[],"class_list":{"0":"post-1875","1":"product","2":"type-product","3":"status-publish","4":"has-post-thumbnail","6":"product_cat-fashion-daily-2","7":"product_cat-genel","8":"product_cat-t-shirt","9":"entry","11":"first","12":"instock","13":"shipping-taxable","14":"product-type-variable"},"jetpack_sharing_enabled":true,"brands":[],"_links":{"self":[{"href":"https:\/\/myoceantex.com\/en\/wp-json\/wp\/v2\/product\/1875","targetHints":{"allow":["GET"]}}],"collection":[{"href":"https:\/\/myoceantex.com\/en\/wp-json\/wp\/v2\/product"}],"about":[{"href":"https:\/\/myoceantex.com\/en\/wp-json\/wp\/v2\/types\/product"}],"replies":[{"embeddable":true,"href":"https:\/\/myoceantex.com\/en\/wp-json\/wp\/v2\/comments?post=1875"}],"wp:featuredmedia":[{"embeddable":true,"href":"https:\/\/myoceantex.com\/en\/wp-json\/wp\/v2\/media\/2917"}],"wp:attachment":[{"href":"https:\/\/myoceantex.com\/en\/wp-json\/wp\/v2\/media?parent=1875"}],"wp:term":[{"taxonomy":"pwb-brand","embeddable":true,"href":"https:\/\/myoceantex.com\/en\/wp-json\/wp\/v2\/pwb-brand?post=1875"},{"taxonomy":"product_brand","embeddable":true,"href":"https:\/\/myoceantex.com\/en\/wp-json\/wp\/v2\/product_brand?post=1875"},{"taxonomy":"product_cat","embeddable":true,"href":"https:\/\/myoceantex.com\/en\/wp-json\/wp\/v2\/product_cat?post=1875"},{"taxonomy":"product_tag","embeddable":true,"href":"https:\/\/myoceantex.com\/en\/wp-json\/wp\/v2\/product_tag?post=1875"}],"curies":[{"name":"wp","href":"https:\/\/api.w.org\/{rel}","templated":true}]}}