{"id":1806,"date":"2023-07-20T14:48:51","date_gmt":"2023-07-20T11:48:51","guid":{"rendered":"https:\/\/myoceantex.com\/?post_type=product&#038;p=1806"},"modified":"2026-03-24T16:09:26","modified_gmt":"2026-03-24T13:09:26","slug":"ocarg-short","status":"publish","type":"product","link":"https:\/\/myoceantex.com\/en\/product\/ocarg-short\/","title":{"rendered":"aldi kargo short"},"content":{"rendered":"<p>KUMA\u015e \u00d6ZELL\u0130KLER\u0130<\/p>\n<p>*%100 cotton gabardin<\/p>\n<p>MODEL \u00d6ZELL\u0130KLER\u0130<\/p>\n<p>*regular fit<\/p>\n<p>*\u00f6nde istanbul cepler,<\/p>\n<p>iki yanda kargo cep,<\/p>\n<p>arka tek flota cep<\/p>\n<p>bedenler\u00a0 \u00a0 XS\u00a0 S\u00a0 \u00a0 M\u00a0 \u00a0L\u00a0 \u00a0XL<\/p>\n<p>bel\u00a0 \u00a0 \u00a0 \u00a0 \u00a0 \u00a0 \u00a036\u00a0 38\u00a0 40\u00a0 42\u00a0 44<\/p>\n<p>basen\u00a0 \u00a0 \u00a0 \u00a0 \u00a048\u00a0 50\u00a0 52\u00a0 54\u00a0 56<\/p>\n<p>i\u00e7 boy\u00a0 \u00a0 \u00a0 \u00a0 \u00a024\u00a0 24\u00a0 24\u00a0 24\u00a0 24<\/p>","protected":false},"excerpt":{"rendered":"<p>KUMA\u015e \u00d6ZELL\u0130KLER\u0130 *%100 cotton gabardin MODEL \u00d6ZELL\u0130KLER\u0130 *regular fit *\u00f6nde istanbul cepler, iki yanda kargo cep, arka tek flota cep bedenler\u00a0 \u00a0 XS\u00a0 S\u00a0 \u00a0 M\u00a0 \u00a0L\u00a0 \u00a0XL bel\u00a0 \u00a0 \u00a0 \u00a0 \u00a0 \u00a0 \u00a036\u00a0 38\u00a0 40\u00a0 42\u00a0 44 basen\u00a0 \u00a0 \u00a0 \u00a0 \u00a048\u00a0 50\u00a0 52\u00a0 54\u00a0 56 i\u00e7 boy\u00a0 \u00a0 \u00a0 \u00a0 \u00a024\u00a0 24\u00a0&hellip; <a class=\"more-link\" href=\"https:\/\/myoceantex.com\/en\/product\/ocarg-short\/\">Continue reading <span class=\"screen-reader-text\">aldi kargo short<\/span><\/a><\/p>","protected":false},"featured_media":0,"comment_status":"open","ping_status":"closed","template":"","meta":{"_coblocks_attr":"","_coblocks_dimensions":"","_coblocks_responsive_height":"","_coblocks_accordion_ie_support":"","_themeisle_gutenberg_block_has_review":false},"pwb-brand":[60],"product_brand":[],"product_cat":[28,15,62],"product_tag":[],"class_list":{"0":"post-1806","1":"product","2":"type-product","3":"status-publish","5":"pwb-brand-obreeze","6":"product_cat-fashion-daily-2","7":"product_cat-genel","8":"product_cat-short","9":"entry","11":"first","12":"instock","13":"shipping-taxable","14":"product-type-variable"},"jetpack_sharing_enabled":true,"brands":[{"id":60,"name":"o'breeze","slug":"obreeze"}],"_links":{"self":[{"href":"https:\/\/myoceantex.com\/en\/wp-json\/wp\/v2\/product\/1806","targetHints":{"allow":["GET"]}}],"collection":[{"href":"https:\/\/myoceantex.com\/en\/wp-json\/wp\/v2\/product"}],"about":[{"href":"https:\/\/myoceantex.com\/en\/wp-json\/wp\/v2\/types\/product"}],"replies":[{"embeddable":true,"href":"https:\/\/myoceantex.com\/en\/wp-json\/wp\/v2\/comments?post=1806"}],"wp:attachment":[{"href":"https:\/\/myoceantex.com\/en\/wp-json\/wp\/v2\/media?parent=1806"}],"wp:term":[{"taxonomy":"pwb-brand","embeddable":true,"href":"https:\/\/myoceantex.com\/en\/wp-json\/wp\/v2\/pwb-brand?post=1806"},{"taxonomy":"product_brand","embeddable":true,"href":"https:\/\/myoceantex.com\/en\/wp-json\/wp\/v2\/product_brand?post=1806"},{"taxonomy":"product_cat","embeddable":true,"href":"https:\/\/myoceantex.com\/en\/wp-json\/wp\/v2\/product_cat?post=1806"},{"taxonomy":"product_tag","embeddable":true,"href":"https:\/\/myoceantex.com\/en\/wp-json\/wp\/v2\/product_tag?post=1806"}],"curies":[{"name":"wp","href":"https:\/\/api.w.org\/{rel}","templated":true}]}}