{"id":1656,"date":"2023-06-15T17:00:07","date_gmt":"2023-06-15T14:00:07","guid":{"rendered":"https:\/\/myoceantex.com\/?post_type=product&#038;p=1656"},"modified":"2026-03-24T16:13:08","modified_gmt":"2026-03-24T13:13:08","slug":"oald-hiking-pants-yuruyus-pantolonu","status":"publish","type":"product","link":"https:\/\/myoceantex.com\/en\/product\/oald-hiking-pants-yuruyus-pantolonu\/","title":{"rendered":"jogging\/hiking pantolon ( y\u00fcr\u00fcy\u00fc\u015f pantolonu )"},"content":{"rendered":"<p>%98 cotton %2 lyc<\/p>\n<p>bel lastikli kordon ayr\u0131nt\u0131s\u0131<\/p>\n<p>yan cepler ve arkada iki cep<\/p>\n<p>pa\u00e7ada ayarl\u0131 lastik ayr\u0131nt\u0131s\u0131<\/p>\n<p>comfort fit<\/p>\n<p>erkek\/kad\u0131n (unisex)<\/p>\n<p>bedenler\u00a0 XS\u00a0 \u00a0S\u00a0 \u00a0M\u00a0 \u00a0L\u00a0 \u00a0XL\u00a0 2XL<\/p>\n<p>bel\u00a0 \u00a0 \u00a0 \u00a0 \u00a0 \u00a036\u00a0 38\u00a0 40\u00a0 42\u00a0 44\u00a0 46<\/p>\n<p>basen\u00a0 \u00a0 \u00a0 \u00a053\u00a0 55\u00a0 57\u00a0 59\u00a0 61\u00a0 63<\/p>\n<p>i\u00e7 boy\u00a0 \u00a0 \u00a0 \u00a079\u00a0 79\u00a0 79\u00a0 79\u00a0 79\u00a0 79<\/p>\n<p>pa\u00e7a\u00a0 \u00a0 \u00a0 \u00a0 20\u00a0 20,5 21 21,5 22 22,5<\/p>","protected":false},"excerpt":{"rendered":"<p>%98 cotton %2 lyc bel lastikli kordon ayr\u0131nt\u0131s\u0131 yan cepler ve arkada iki cep pa\u00e7ada ayarl\u0131 lastik ayr\u0131nt\u0131s\u0131 comfort fit erkek\/kad\u0131n (unisex) bedenler\u00a0 XS\u00a0 \u00a0S\u00a0 \u00a0M\u00a0 \u00a0L\u00a0 \u00a0XL\u00a0 2XL bel\u00a0 \u00a0 \u00a0 \u00a0 \u00a0 \u00a036\u00a0 38\u00a0 40\u00a0 42\u00a0 44\u00a0 46 basen\u00a0 \u00a0 \u00a0 \u00a053\u00a0 55\u00a0 57\u00a0 59\u00a0 61\u00a0 63 i\u00e7 boy\u00a0 \u00a0 \u00a0 \u00a079\u00a0 79\u00a0&hellip; <a class=\"more-link\" href=\"https:\/\/myoceantex.com\/en\/product\/oald-hiking-pants-yuruyus-pantolonu\/\">Continue reading <span class=\"screen-reader-text\">jogging\/hiking pantolon ( y\u00fcr\u00fcy\u00fc\u015f pantolonu )<\/span><\/a><\/p>","protected":false},"featured_media":2918,"comment_status":"open","ping_status":"closed","template":"","meta":{"_coblocks_attr":"","_coblocks_dimensions":"","_coblocks_responsive_height":"","_coblocks_accordion_ie_support":"","_themeisle_gutenberg_block_has_review":false},"pwb-brand":[60],"product_brand":[],"product_cat":[28,15,52,61],"product_tag":[],"class_list":{"0":"post-1656","1":"product","2":"type-product","3":"status-publish","4":"has-post-thumbnail","6":"pwb-brand-obreeze","7":"product_cat-fashion-daily-2","8":"product_cat-genel","9":"product_cat-pant","10":"product_cat-unisex","11":"entry","13":"first","14":"instock","15":"shipping-taxable","16":"product-type-variable"},"jetpack_sharing_enabled":true,"brands":[{"id":60,"name":"o'breeze","slug":"obreeze"}],"_links":{"self":[{"href":"https:\/\/myoceantex.com\/en\/wp-json\/wp\/v2\/product\/1656","targetHints":{"allow":["GET"]}}],"collection":[{"href":"https:\/\/myoceantex.com\/en\/wp-json\/wp\/v2\/product"}],"about":[{"href":"https:\/\/myoceantex.com\/en\/wp-json\/wp\/v2\/types\/product"}],"replies":[{"embeddable":true,"href":"https:\/\/myoceantex.com\/en\/wp-json\/wp\/v2\/comments?post=1656"}],"wp:featuredmedia":[{"embeddable":true,"href":"https:\/\/myoceantex.com\/en\/wp-json\/wp\/v2\/media\/2918"}],"wp:attachment":[{"href":"https:\/\/myoceantex.com\/en\/wp-json\/wp\/v2\/media?parent=1656"}],"wp:term":[{"taxonomy":"pwb-brand","embeddable":true,"href":"https:\/\/myoceantex.com\/en\/wp-json\/wp\/v2\/pwb-brand?post=1656"},{"taxonomy":"product_brand","embeddable":true,"href":"https:\/\/myoceantex.com\/en\/wp-json\/wp\/v2\/product_brand?post=1656"},{"taxonomy":"product_cat","embeddable":true,"href":"https:\/\/myoceantex.com\/en\/wp-json\/wp\/v2\/product_cat?post=1656"},{"taxonomy":"product_tag","embeddable":true,"href":"https:\/\/myoceantex.com\/en\/wp-json\/wp\/v2\/product_tag?post=1656"}],"curies":[{"name":"wp","href":"https:\/\/api.w.org\/{rel}","templated":true}]}}