{"id":1239,"date":"2023-04-27T12:43:57","date_gmt":"2023-04-27T09:43:57","guid":{"rendered":"https:\/\/myoceantex.com\/?post_type=product&#038;p=1239"},"modified":"2026-04-13T14:18:51","modified_gmt":"2026-04-13T11:18:51","slug":"ostorm-yagmurluk","status":"publish","type":"product","link":"https:\/\/myoceantex.com\/en\/product\/ostorm-yagmurluk\/","title":{"rendered":"outdoor bal\u0131k\u00e7\u0131  ya\u011fmurluk"},"content":{"rendered":"<p>%100 polyamid ripstop dokuma kuma\u015f<\/p>\n<p>ince incelikte kal\u0131nl\u0131k, hafif<\/p>\n<p>10000*10000 nefes alabilir i\u00e7 taraf membran kaplama.<\/p>\n<p>arkada havaland\u0131rma ayr\u0131nt\u0131s\u0131. su ve ruzgar ge\u00e7irmez<\/p>\n<p>yanda el cepleri. ayarlanabilir kap\u015fon<\/p>\n<p>monta d\u00fcn\u00fc\u015ft\u00fcr\u00fclebilir katlama ayr\u0131nt\u0131s\u0131.<\/p>\n<p>model : unisex<\/p>","protected":false},"excerpt":{"rendered":"<p>%100 polyamid ripstop dokuma kuma\u015f ince incelikte kal\u0131nl\u0131k, hafif 10000*10000 nefes alabilir i\u00e7 taraf membran kaplama. arkada havaland\u0131rma ayr\u0131nt\u0131s\u0131. su ve ruzgar ge\u00e7irmez yanda el cepleri. ayarlanabilir kap\u015fon monta d\u00fcn\u00fc\u015ft\u00fcr\u00fclebilir katlama ayr\u0131nt\u0131s\u0131. model : unisex<\/p>","protected":false},"featured_media":2931,"comment_status":"open","ping_status":"closed","template":"","meta":{"_coblocks_attr":"","_coblocks_dimensions":"","_coblocks_responsive_height":"","_coblocks_accordion_ie_support":"","_themeisle_gutenberg_block_has_review":false},"pwb-brand":[60],"product_brand":[],"product_cat":[15,42,23,69],"product_tag":[],"class_list":{"0":"post-1239","1":"product","2":"type-product","3":"status-publish","4":"has-post-thumbnail","6":"pwb-brand-obreeze","7":"product_cat-genel","8":"product_cat-mont","9":"product_cat-outdoor-sport-2","10":"product_cat-yagmurluk","11":"entry","13":"first","14":"instock","15":"shipping-taxable","16":"product-type-variable"},"jetpack_sharing_enabled":true,"brands":[{"id":60,"name":"o'breeze","slug":"obreeze"}],"_links":{"self":[{"href":"https:\/\/myoceantex.com\/en\/wp-json\/wp\/v2\/product\/1239","targetHints":{"allow":["GET"]}}],"collection":[{"href":"https:\/\/myoceantex.com\/en\/wp-json\/wp\/v2\/product"}],"about":[{"href":"https:\/\/myoceantex.com\/en\/wp-json\/wp\/v2\/types\/product"}],"replies":[{"embeddable":true,"href":"https:\/\/myoceantex.com\/en\/wp-json\/wp\/v2\/comments?post=1239"}],"wp:featuredmedia":[{"embeddable":true,"href":"https:\/\/myoceantex.com\/en\/wp-json\/wp\/v2\/media\/2931"}],"wp:attachment":[{"href":"https:\/\/myoceantex.com\/en\/wp-json\/wp\/v2\/media?parent=1239"}],"wp:term":[{"taxonomy":"pwb-brand","embeddable":true,"href":"https:\/\/myoceantex.com\/en\/wp-json\/wp\/v2\/pwb-brand?post=1239"},{"taxonomy":"product_brand","embeddable":true,"href":"https:\/\/myoceantex.com\/en\/wp-json\/wp\/v2\/product_brand?post=1239"},{"taxonomy":"product_cat","embeddable":true,"href":"https:\/\/myoceantex.com\/en\/wp-json\/wp\/v2\/product_cat?post=1239"},{"taxonomy":"product_tag","embeddable":true,"href":"https:\/\/myoceantex.com\/en\/wp-json\/wp\/v2\/product_tag?post=1239"}],"curies":[{"name":"wp","href":"https:\/\/api.w.org\/{rel}","templated":true}]}}