{"id":1234,"date":"2023-04-27T11:56:42","date_gmt":"2023-04-27T08:56:42","guid":{"rendered":"https:\/\/myoceantex.com\/?post_type=product&#038;p=1234"},"modified":"2026-03-24T16:19:43","modified_gmt":"2026-03-24T13:19:43","slug":"ostorm-eskrimfencing-erkek-takim","status":"publish","type":"product","link":"https:\/\/myoceantex.com\/en\/product\/ostorm-eskrimfencing-erkek-takim\/","title":{"rendered":"eskrim k\u0131yafeti 350N erkek kad\u0131n \u00e7ocuk"},"content":{"rendered":"<p>made in turkey ( t\u00fcrkiyede \u00fcretilmi\u015f en dayan\u0131kl\u0131 kuma\u015f )<\/p>\n<p>350N dayan\u0131kl\u0131 kuma\u015f<\/p>\n<p>( ege \u00fcniversitesi 388\/22 F1M\/ 19.07.2022 nolu deney raporu : 430N dir.)<\/p>\n<p>rahat hareket kabiliyeti sa\u011flayan esneklik.<\/p>\n<p>hedefi k\u00fc\u00e7\u00fcltmek i\u00e7in tasarlanm\u0131\u015f ayr\u0131nt\u0131lar.<\/p>\n<p>yeni tasar\u0131m ile sa\u011flanan \u015f\u0131kl\u0131k.<\/p>\n<p>sipari\u015f ve bilgi i\u00e7in 0530 344 2121<\/p>","protected":false},"excerpt":{"rendered":"<p>made in turkey ( t\u00fcrkiyede \u00fcretilmi\u015f en dayan\u0131kl\u0131 kuma\u015f ) 350N dayan\u0131kl\u0131 kuma\u015f ( ege \u00fcniversitesi 388\/22 F1M\/ 19.07.2022 nolu deney raporu : 430N dir.) rahat hareket kabiliyeti sa\u011flayan esneklik. hedefi k\u00fc\u00e7\u00fcltmek i\u00e7in tasarlanm\u0131\u015f ayr\u0131nt\u0131lar. yeni tasar\u0131m ile sa\u011flanan \u015f\u0131kl\u0131k. sipari\u015f ve bilgi i\u00e7in 0530 344 2121<\/p>","protected":false},"featured_media":2970,"comment_status":"open","ping_status":"closed","template":"","meta":{"_coblocks_attr":"","_coblocks_dimensions":"","_coblocks_responsive_height":"","_coblocks_accordion_ie_support":"","_themeisle_gutenberg_block_has_review":false},"pwb-brand":[59],"product_brand":[],"product_cat":[15,24],"product_tag":[],"class_list":{"0":"post-1234","1":"product","2":"type-product","3":"status-publish","4":"has-post-thumbnail","6":"pwb-brand-ostorm","7":"product_cat-genel","8":"product_cat-fashion-daily","9":"entry","11":"first","12":"instock","13":"shipping-taxable","14":"product-type-variable"},"jetpack_sharing_enabled":true,"brands":[{"id":59,"name":"o'storm","slug":"ostorm"}],"_links":{"self":[{"href":"https:\/\/myoceantex.com\/en\/wp-json\/wp\/v2\/product\/1234","targetHints":{"allow":["GET"]}}],"collection":[{"href":"https:\/\/myoceantex.com\/en\/wp-json\/wp\/v2\/product"}],"about":[{"href":"https:\/\/myoceantex.com\/en\/wp-json\/wp\/v2\/types\/product"}],"replies":[{"embeddable":true,"href":"https:\/\/myoceantex.com\/en\/wp-json\/wp\/v2\/comments?post=1234"}],"wp:featuredmedia":[{"embeddable":true,"href":"https:\/\/myoceantex.com\/en\/wp-json\/wp\/v2\/media\/2970"}],"wp:attachment":[{"href":"https:\/\/myoceantex.com\/en\/wp-json\/wp\/v2\/media?parent=1234"}],"wp:term":[{"taxonomy":"pwb-brand","embeddable":true,"href":"https:\/\/myoceantex.com\/en\/wp-json\/wp\/v2\/pwb-brand?post=1234"},{"taxonomy":"product_brand","embeddable":true,"href":"https:\/\/myoceantex.com\/en\/wp-json\/wp\/v2\/product_brand?post=1234"},{"taxonomy":"product_cat","embeddable":true,"href":"https:\/\/myoceantex.com\/en\/wp-json\/wp\/v2\/product_cat?post=1234"},{"taxonomy":"product_tag","embeddable":true,"href":"https:\/\/myoceantex.com\/en\/wp-json\/wp\/v2\/product_tag?post=1234"}],"curies":[{"name":"wp","href":"https:\/\/api.w.org\/{rel}","templated":true}]}}