{"id":1206,"date":"2023-04-26T12:23:00","date_gmt":"2023-04-26T09:23:00","guid":{"rendered":"https:\/\/myoceantex.com\/?post_type=product&#038;p=1206"},"modified":"2026-04-13T14:21:48","modified_gmt":"2026-04-13T11:21:48","slug":"opor-t-short","status":"publish","type":"product","link":"https:\/\/myoceantex.com\/en\/product\/opor-t-short\/","title":{"rendered":"port outdoor polyamid short"},"content":{"rendered":"<div>KUMA\u015e \u00d6ZELL\u0130KLER\u0130<\/div>\n<div>\u00a0 \u00a0*% 96 Poliamid % 4 Elastan<\/div>\n<div>\u00a0 \u00a0ince hafif ve esnektir. kesinlikle i\u00e7 g\u00f6stermez<\/div>\n<div>\u00a0 \u00a0*30 derece makinada y\u0131kanabilir. k\u0131r\u0131\u015fmaz \u00f6zelli\u011fi \u00dct\u00fc gerektirmez, sererek kurutulmal\u0131d\u0131r.<\/div>\n<div>\u00a0 \u00a0*nefes alabilirlik ve antibakteryel koruma \u00f6zelli\u011fi sayesinde v\u00fccut kokusunu en aza indirir.<\/div>\n<div>MODEL \u00d6ZELL\u0130KLER\u0130<\/div>\n<div>\u00a0 \u00a0 slim fit<\/div>\n<div>\u00a0 \u00a0\u2022\u00a0 Geni\u015f hareket \u00f6zg\u00fcrl\u00fc\u011f\u00fc,<\/div>\n<div>\u00a0 \u00a0\u2022\u00a0 Arkada fermuarl\u0131 cep detay\u0131,<\/div>\n<div>kullan\u0131m : ilkbahar \/ yaz ( spring \/ summer )<\/div>\n<div>bedenler\u00a0 XS\u00a0 S\u00a0 \u00a0M\u00a0 \u00a0L\u00a0 \u00a0XL\u00a0 2XL\u00a0 3XL<\/div>\n<div>bel\u00a0 \u00a0 \u00a0 \u00a0 \u00a0 \u00a037\u00a0 39\u00a0 41\u00a0 43 45\u00a0 47\u00a0 49<\/div>\n<div>basen\u00a0 \u00a0 \u00a0 48\u00a0 50\u00a0 52\u00a0 54\u00a0 56\u00a0 58\u00a0 60<\/div>\n<div>i\u00e7 boy\u00a0 \u00a0 \u00a0 24\u00a0 24\u00a0 24\u00a0 24\u00a0 24\u00a0 24\u00a0 24<\/div>","protected":false},"excerpt":{"rendered":"<p>KUMA\u015e \u00d6ZELL\u0130KLER\u0130 \u00a0 \u00a0*% 96 Poliamid % 4 Elastan \u00a0 \u00a0ince hafif ve esnektir. kesinlikle i\u00e7 g\u00f6stermez \u00a0 \u00a0*30 derece makinada y\u0131kanabilir. k\u0131r\u0131\u015fmaz \u00f6zelli\u011fi \u00dct\u00fc gerektirmez, sererek kurutulmal\u0131d\u0131r. \u00a0 \u00a0*nefes alabilirlik ve antibakteryel koruma \u00f6zelli\u011fi sayesinde v\u00fccut kokusunu en aza indirir. MODEL \u00d6ZELL\u0130KLER\u0130 \u00a0 \u00a0 slim fit \u00a0 \u00a0\u2022\u00a0 Geni\u015f hareket \u00f6zg\u00fcrl\u00fc\u011f\u00fc, \u00a0 \u00a0\u2022\u00a0 Arkada&hellip; <a class=\"more-link\" href=\"https:\/\/myoceantex.com\/en\/product\/opor-t-short\/\">Continue reading <span class=\"screen-reader-text\">port outdoor polyamid short<\/span><\/a><\/p>","protected":false},"featured_media":0,"comment_status":"open","ping_status":"closed","template":"","meta":{"_coblocks_attr":"","_coblocks_dimensions":"","_coblocks_responsive_height":"","_coblocks_accordion_ie_support":"","_themeisle_gutenberg_block_has_review":false},"pwb-brand":[60],"product_brand":[],"product_cat":[15,23,62],"product_tag":[],"class_list":{"0":"post-1206","1":"product","2":"type-product","3":"status-publish","5":"pwb-brand-obreeze","6":"product_cat-genel","7":"product_cat-outdoor-sport-2","8":"product_cat-short","9":"entry","11":"first","12":"instock","13":"shipping-taxable","14":"product-type-variable"},"jetpack_sharing_enabled":true,"brands":[{"id":60,"name":"o'breeze","slug":"obreeze"}],"_links":{"self":[{"href":"https:\/\/myoceantex.com\/en\/wp-json\/wp\/v2\/product\/1206","targetHints":{"allow":["GET"]}}],"collection":[{"href":"https:\/\/myoceantex.com\/en\/wp-json\/wp\/v2\/product"}],"about":[{"href":"https:\/\/myoceantex.com\/en\/wp-json\/wp\/v2\/types\/product"}],"replies":[{"embeddable":true,"href":"https:\/\/myoceantex.com\/en\/wp-json\/wp\/v2\/comments?post=1206"}],"wp:attachment":[{"href":"https:\/\/myoceantex.com\/en\/wp-json\/wp\/v2\/media?parent=1206"}],"wp:term":[{"taxonomy":"pwb-brand","embeddable":true,"href":"https:\/\/myoceantex.com\/en\/wp-json\/wp\/v2\/pwb-brand?post=1206"},{"taxonomy":"product_brand","embeddable":true,"href":"https:\/\/myoceantex.com\/en\/wp-json\/wp\/v2\/product_brand?post=1206"},{"taxonomy":"product_cat","embeddable":true,"href":"https:\/\/myoceantex.com\/en\/wp-json\/wp\/v2\/product_cat?post=1206"},{"taxonomy":"product_tag","embeddable":true,"href":"https:\/\/myoceantex.com\/en\/wp-json\/wp\/v2\/product_tag?post=1206"}],"curies":[{"name":"wp","href":"https:\/\/api.w.org\/{rel}","templated":true}]}}