{"id":1202,"date":"2023-04-26T12:16:29","date_gmt":"2023-04-26T09:16:29","guid":{"rendered":"https:\/\/myoceantex.com\/?post_type=product&#038;p=1202"},"modified":"2026-04-13T14:24:10","modified_gmt":"2026-04-13T11:24:10","slug":"opan-c-short","status":"publish","type":"product","link":"https:\/\/myoceantex.com\/en\/product\/opan-c-short\/","title":{"rendered":"panc outdoor polyamd short"},"content":{"rendered":"<div>KUMA\u015e \u00d6ZELL\u0130KLER\u0130<\/div>\n<div>\u00a0 \u00a0*% 96 Poliamid % 4 Elastan<\/div>\n<div>ince hafif ve esnektir, kesinlikle i\u00e7 g\u00f6sermez<\/div>\n<div>30 derece makinede y\u0131kanabilir. sererek kurutulmal\u0131d\u0131r<\/div>\n<div>k\u0131r\u0131\u015fmaz \u00f6zelli\u011fi \u00dct\u00fc gerektirmez, .<\/div>\n<div>nefes alabilirlik ve antibakteryel koruma<\/div>\n<div>v\u00fccut kokusunu en aza indirir<\/div>\n<div>MODEL \u00d6ZELL\u0130KLER\u0130<\/div>\n<div>\u00a0 \u00a0 regular fit<\/div>\n<div>\u00a0 \u00a0\u2022\u00a0 Geni\u015f hareket \u00f6zg\u00fcrl\u00fc\u011f\u00fc, .<\/div>\n<div>\u00a0 \u00a0\u2022\u00a0 Elastik bel,<\/div>\n<div>\u00a0 \u00a0\u2022\u00a0 sa\u011f cep i\u00e7inde fermuarl\u0131 cep detay\u0131,<\/div>\n<div>kullan\u0131m : ilkbahar \/ yaz ( spring \/ summer )<\/div>\n<div>bedenler\u00a0 XS\u00a0 S\u00a0 \u00a0M\u00a0 L\u00a0 \u00a0XL 2XL\u00a0 3X<\/div>\n<div>bel\u00a0 \u00a0 \u00a0 \u00a0 \u00a0 \u00a036 38\u00a0 40 42\u00a0 44\u00a0 46\u00a0 48<\/div>\n<div>basen\u00a0 \u00a0 \u00a0 50\u00a0 52\u00a0 54 56\u00a0 58\u00a0 60\u00a0 62<\/div>\n<div>i\u00e7 boy\u00a0 \u00a0 \u00a0 25\u00a0 25\u00a0 25\u00a0 25\u00a0 25 25\u00a0 25<\/div>","protected":false},"excerpt":{"rendered":"<p>KUMA\u015e \u00d6ZELL\u0130KLER\u0130 \u00a0 \u00a0*% 96 Poliamid % 4 Elastan ince hafif ve esnektir, kesinlikle i\u00e7 g\u00f6sermez 30 derece makinede y\u0131kanabilir. sererek kurutulmal\u0131d\u0131r k\u0131r\u0131\u015fmaz \u00f6zelli\u011fi \u00dct\u00fc gerektirmez, . nefes alabilirlik ve antibakteryel koruma v\u00fccut kokusunu en aza indirir MODEL \u00d6ZELL\u0130KLER\u0130 \u00a0 \u00a0 regular fit \u00a0 \u00a0\u2022\u00a0 Geni\u015f hareket \u00f6zg\u00fcrl\u00fc\u011f\u00fc, . \u00a0 \u00a0\u2022\u00a0 Elastik bel, \u00a0 \u00a0\u2022\u00a0&hellip; <a class=\"more-link\" href=\"https:\/\/myoceantex.com\/en\/product\/opan-c-short\/\">Continue reading <span class=\"screen-reader-text\">panc outdoor polyamd short<\/span><\/a><\/p>","protected":false},"featured_media":1205,"comment_status":"closed","ping_status":"closed","template":"","meta":{"_coblocks_attr":"","_coblocks_dimensions":"","_coblocks_responsive_height":"","_coblocks_accordion_ie_support":"","_themeisle_gutenberg_block_has_review":false},"pwb-brand":[60],"product_brand":[],"product_cat":[15,23,62],"product_tag":[],"class_list":{"0":"post-1202","1":"product","2":"type-product","3":"status-publish","4":"has-post-thumbnail","6":"pwb-brand-obreeze","7":"product_cat-genel","8":"product_cat-outdoor-sport-2","9":"product_cat-short","10":"entry","12":"first","13":"instock","14":"shipping-taxable","15":"product-type-variable"},"jetpack_sharing_enabled":true,"brands":[{"id":60,"name":"o'breeze","slug":"obreeze"}],"_links":{"self":[{"href":"https:\/\/myoceantex.com\/en\/wp-json\/wp\/v2\/product\/1202","targetHints":{"allow":["GET"]}}],"collection":[{"href":"https:\/\/myoceantex.com\/en\/wp-json\/wp\/v2\/product"}],"about":[{"href":"https:\/\/myoceantex.com\/en\/wp-json\/wp\/v2\/types\/product"}],"replies":[{"embeddable":true,"href":"https:\/\/myoceantex.com\/en\/wp-json\/wp\/v2\/comments?post=1202"}],"wp:featuredmedia":[{"embeddable":true,"href":"https:\/\/myoceantex.com\/en\/wp-json\/wp\/v2\/media\/1205"}],"wp:attachment":[{"href":"https:\/\/myoceantex.com\/en\/wp-json\/wp\/v2\/media?parent=1202"}],"wp:term":[{"taxonomy":"pwb-brand","embeddable":true,"href":"https:\/\/myoceantex.com\/en\/wp-json\/wp\/v2\/pwb-brand?post=1202"},{"taxonomy":"product_brand","embeddable":true,"href":"https:\/\/myoceantex.com\/en\/wp-json\/wp\/v2\/product_brand?post=1202"},{"taxonomy":"product_cat","embeddable":true,"href":"https:\/\/myoceantex.com\/en\/wp-json\/wp\/v2\/product_cat?post=1202"},{"taxonomy":"product_tag","embeddable":true,"href":"https:\/\/myoceantex.com\/en\/wp-json\/wp\/v2\/product_tag?post=1202"}],"curies":[{"name":"wp","href":"https:\/\/api.w.org\/{rel}","templated":true}]}}