{"id":1199,"date":"2023-04-26T12:09:43","date_gmt":"2023-04-26T09:09:43","guid":{"rendered":"https:\/\/myoceantex.com\/?post_type=product&#038;p=1199"},"modified":"2026-04-13T14:26:49","modified_gmt":"2026-04-13T11:26:49","slug":"oiro-n-erkek-pantolon","status":"publish","type":"product","link":"https:\/\/myoceantex.com\/en\/product\/oiro-n-erkek-pantolon\/","title":{"rendered":"iro outdoor polyamid pantolon"},"content":{"rendered":"<div>KUMA\u015e \u00d6ZELL\u0130KLER\u0130<\/div>\n<div>\u00a0 \u00a0*% 96 Polyamid % 4 Elastan<\/div>\n<div>ince hafif ve esnektir, kesinlikle i\u00e7 g\u00f6stermez<\/div>\n<div>\u00a0 \u00a0*30 derece makinede y\u0131kanabilir.<\/div>\n<div>\u00dct\u00fc gerektirmez, sererek kurutulmal\u0131d\u0131r.<\/div>\n<div>\u00a0 \u00a0*nefes alabilirlik<\/div>\n<div>antibakteryel koruma sayesinde v\u00fccut kokusunu en aza indirir.<\/div>\n<div>\u00a0 \u00a0* diz yapmaz k\u0131r\u0131\u015fmaz, leke tutmaz<\/div>\n<div>MODEL \u00d6ZELL\u0130KLER\u0130<\/div>\n<div>\u00a0 \u00a0 regular fit<\/div>\n<div>\u00a0 \u00a0\u2022\u00a0 Geni\u015f hareket \u00f6zg\u00fcrl\u00fc\u011f\u00fc, .<\/div>\n<div>\u00a0 \u00a0\u2022\u00a0 Elastik bel,<\/div>\n<div>\u00a0 \u00a0\u2022\u00a0 Arkada fermuarl\u0131 cep detay\u0131,<\/div>\n<div>kullan\u0131m : ilkbahar \/ yaz \/ sonbahar ( spring \/ summer \/ fal )<\/div>","protected":false},"excerpt":{"rendered":"<p>KUMA\u015e \u00d6ZELL\u0130KLER\u0130 \u00a0 \u00a0*% 96 Polyamid % 4 Elastan ince hafif ve esnektir, kesinlikle i\u00e7 g\u00f6stermez \u00a0 \u00a0*30 derece makinede y\u0131kanabilir. \u00dct\u00fc gerektirmez, sererek kurutulmal\u0131d\u0131r. \u00a0 \u00a0*nefes alabilirlik antibakteryel koruma sayesinde v\u00fccut kokusunu en aza indirir. \u00a0 \u00a0* diz yapmaz k\u0131r\u0131\u015fmaz, leke tutmaz MODEL \u00d6ZELL\u0130KLER\u0130 \u00a0 \u00a0 regular fit \u00a0 \u00a0\u2022\u00a0 Geni\u015f hareket \u00f6zg\u00fcrl\u00fc\u011f\u00fc, .&hellip; <a class=\"more-link\" href=\"https:\/\/myoceantex.com\/en\/product\/oiro-n-erkek-pantolon\/\">Continue reading <span class=\"screen-reader-text\">iro outdoor polyamid pantolon<\/span><\/a><\/p>","protected":false},"featured_media":2935,"comment_status":"open","ping_status":"closed","template":"","meta":{"_coblocks_attr":"","_coblocks_dimensions":"","_coblocks_responsive_height":"","_coblocks_accordion_ie_support":"","_themeisle_gutenberg_block_has_review":false},"pwb-brand":[60],"product_brand":[],"product_cat":[15,23,52],"product_tag":[],"class_list":{"0":"post-1199","1":"product","2":"type-product","3":"status-publish","4":"has-post-thumbnail","6":"pwb-brand-obreeze","7":"product_cat-genel","8":"product_cat-outdoor-sport-2","9":"product_cat-pant","10":"entry","12":"first","13":"instock","14":"shipping-taxable","15":"product-type-variable","16":"has-default-attributes"},"jetpack_sharing_enabled":true,"brands":[{"id":60,"name":"o'breeze","slug":"obreeze"}],"_links":{"self":[{"href":"https:\/\/myoceantex.com\/en\/wp-json\/wp\/v2\/product\/1199","targetHints":{"allow":["GET"]}}],"collection":[{"href":"https:\/\/myoceantex.com\/en\/wp-json\/wp\/v2\/product"}],"about":[{"href":"https:\/\/myoceantex.com\/en\/wp-json\/wp\/v2\/types\/product"}],"replies":[{"embeddable":true,"href":"https:\/\/myoceantex.com\/en\/wp-json\/wp\/v2\/comments?post=1199"}],"wp:featuredmedia":[{"embeddable":true,"href":"https:\/\/myoceantex.com\/en\/wp-json\/wp\/v2\/media\/2935"}],"wp:attachment":[{"href":"https:\/\/myoceantex.com\/en\/wp-json\/wp\/v2\/media?parent=1199"}],"wp:term":[{"taxonomy":"pwb-brand","embeddable":true,"href":"https:\/\/myoceantex.com\/en\/wp-json\/wp\/v2\/pwb-brand?post=1199"},{"taxonomy":"product_brand","embeddable":true,"href":"https:\/\/myoceantex.com\/en\/wp-json\/wp\/v2\/product_brand?post=1199"},{"taxonomy":"product_cat","embeddable":true,"href":"https:\/\/myoceantex.com\/en\/wp-json\/wp\/v2\/product_cat?post=1199"},{"taxonomy":"product_tag","embeddable":true,"href":"https:\/\/myoceantex.com\/en\/wp-json\/wp\/v2\/product_tag?post=1199"}],"curies":[{"name":"wp","href":"https:\/\/api.w.org\/{rel}","templated":true}]}}