{"id":1176,"date":"2023-04-25T12:36:58","date_gmt":"2023-04-25T09:36:58","guid":{"rendered":"https:\/\/myoceantex.com\/?post_type=product&#038;p=1176"},"modified":"2026-03-24T16:42:26","modified_gmt":"2026-03-24T13:42:26","slug":"ocar-g-short","status":"publish","type":"product","link":"https:\/\/myoceantex.com\/en\/product\/ocar-g-short\/","title":{"rendered":"aldi denim short"},"content":{"rendered":"<p>KUMA\u015e \u00d6ZELL\u0130KLER\u0130<\/p>\n<p>*%100 cotton<\/p>\n<p>*boncuk \u00f6rme<\/p>\n<p>*su itici apre, leke tutmaz , antibakteryel<\/p>\n<p>*indantren boya<\/p>\n<p>MODEL \u00d6ZELL\u0130KLER\u0130<\/p>\n<p>*slim fit<\/p>\n<p>*\u00f6nde istanbul cepler, iki yanda kargo cep, arka tek flota cep<\/p>\n<p>bedenler\u00a0 XS\u00a0 S\u00a0 \u00a0M\u00a0 L\u00a0 XL<\/p>\n<p>bel\u00a0 \u00a0 \u00a0 \u00a0 \u00a0 \u00a036\u00a0 38 40 42 44<\/p>\n<p>basen\u00a0 \u00a0 \u00a0 48\u00a0 50\u00a0 52 54 56<\/p>\n<p>i\u00e7 boy\u00a0 \u00a0 \u00a0 24\u00a0 24\u00a0 24 24 24<\/p>","protected":false},"excerpt":{"rendered":"<p>KUMA\u015e \u00d6ZELL\u0130KLER\u0130 *%100 cotton *boncuk \u00f6rme *su itici apre, leke tutmaz , antibakteryel *indantren boya MODEL \u00d6ZELL\u0130KLER\u0130 *slim fit *\u00f6nde istanbul cepler, iki yanda kargo cep, arka tek flota cep bedenler\u00a0 XS\u00a0 S\u00a0 \u00a0M\u00a0 L\u00a0 XL bel\u00a0 \u00a0 \u00a0 \u00a0 \u00a0 \u00a036\u00a0 38 40 42 44 basen\u00a0 \u00a0 \u00a0 48\u00a0 50\u00a0 52 54 56 i\u00e7&hellip; <a class=\"more-link\" href=\"https:\/\/myoceantex.com\/en\/product\/ocar-g-short\/\">Continue reading <span class=\"screen-reader-text\">aldi denim short<\/span><\/a><\/p>","protected":false},"featured_media":1177,"comment_status":"open","ping_status":"closed","template":"","meta":{"_coblocks_attr":"","_coblocks_dimensions":"","_coblocks_responsive_height":"","_coblocks_accordion_ie_support":"","_themeisle_gutenberg_block_has_review":false},"pwb-brand":[60],"product_brand":[],"product_cat":[28,15,62,61],"product_tag":[],"class_list":{"0":"post-1176","1":"product","2":"type-product","3":"status-publish","4":"has-post-thumbnail","6":"pwb-brand-obreeze","7":"product_cat-fashion-daily-2","8":"product_cat-genel","9":"product_cat-short","10":"product_cat-unisex","11":"entry","13":"first","14":"instock","15":"shipping-taxable","16":"product-type-variable"},"jetpack_sharing_enabled":true,"brands":[{"id":60,"name":"o'breeze","slug":"obreeze"}],"_links":{"self":[{"href":"https:\/\/myoceantex.com\/en\/wp-json\/wp\/v2\/product\/1176","targetHints":{"allow":["GET"]}}],"collection":[{"href":"https:\/\/myoceantex.com\/en\/wp-json\/wp\/v2\/product"}],"about":[{"href":"https:\/\/myoceantex.com\/en\/wp-json\/wp\/v2\/types\/product"}],"replies":[{"embeddable":true,"href":"https:\/\/myoceantex.com\/en\/wp-json\/wp\/v2\/comments?post=1176"}],"wp:featuredmedia":[{"embeddable":true,"href":"https:\/\/myoceantex.com\/en\/wp-json\/wp\/v2\/media\/1177"}],"wp:attachment":[{"href":"https:\/\/myoceantex.com\/en\/wp-json\/wp\/v2\/media?parent=1176"}],"wp:term":[{"taxonomy":"pwb-brand","embeddable":true,"href":"https:\/\/myoceantex.com\/en\/wp-json\/wp\/v2\/pwb-brand?post=1176"},{"taxonomy":"product_brand","embeddable":true,"href":"https:\/\/myoceantex.com\/en\/wp-json\/wp\/v2\/product_brand?post=1176"},{"taxonomy":"product_cat","embeddable":true,"href":"https:\/\/myoceantex.com\/en\/wp-json\/wp\/v2\/product_cat?post=1176"},{"taxonomy":"product_tag","embeddable":true,"href":"https:\/\/myoceantex.com\/en\/wp-json\/wp\/v2\/product_tag?post=1176"}],"curies":[{"name":"wp","href":"https:\/\/api.w.org\/{rel}","templated":true}]}}