{"id":1111,"date":"2023-02-09T22:01:41","date_gmt":"2023-02-09T19:01:41","guid":{"rendered":"https:\/\/myoceantex.com\/?post_type=product&#038;p=1111"},"modified":"2026-04-13T14:37:50","modified_gmt":"2026-04-13T11:37:50","slug":"osag-erkek-softshell-mont-siyah","status":"publish","type":"product","link":"https:\/\/myoceantex.com\/en\/product\/osag-erkek-softshell-mont-siyah\/","title":{"rendered":"sagwo softshell mont"},"content":{"rendered":"<div>\n<p>\u00a0 \u00a0KUMA\u015e \u00d6ZELL\u0130KLER\u0130<\/p>\n<\/div>\n<div>\u00a0 \u00a0softshell \u00a0% 95 Polyamid % 5 Elastan.<\/div>\n<div>\u00a0 orta kal\u0131nl\u0131k, su itici apre.<\/div>\n<div>\u00a0 \u00a0Kullan\u0131m Y\u0131kama Talimat\u0131 : 30 derece makinada y\u0131kanabilir. \u00dct\u00fc yap\u0131lmamal\u0131d\u0131r.<\/div>\n<div>\u00a0 \u00a0polar yap\u0131l\u0131 i\u00e7 taraf.<\/div>\n<div>\u00a0 \u00a0MODEL \u00d6ZELL\u0130KLER\u0130<\/div>\n<div>\u00a0 \u00a0 regular fit.<\/div>\n<div>\u00a0 \u00a0\u2022\u00a0\u00a0Boyun ve \u00e7ene korumal\u0131 su ge\u00e7irmez \u00f6n fermuar,<\/div>\n<div>\u00a0 \u00a0\u2022\u00a0\u00a0G\u00f6\u011f\u00fcs k\u0131sm\u0131nda su ge\u00e7irmez fermuarl\u0131 cep,<\/div>\n<div>\u00a0 \u00a0*\u00a0 su ge\u00e7irmez fermuarl\u0131 el cepleri.<\/div>\n<div>\u00a0 \u00a0\u2022\u00a0\u00a0Ayarlanabilir kol man\u015fetleri,<\/div>\n<div>\u00a0 \u00a0\u2022\u00a0\u00a0Ayarlanabilir etek u\u00e7lar\u0131.<\/div>\n<div>\u00a0 \u00a0\u2022\u00a0 Kullan\u0131m Alan\u0131 : so\u011fuk havalarda sonbahar \/ k\u0131\u015f \/ ilkbahar<\/div>\n<div>bedenler\u00a0 XS\u00a0 \u00a0 S\u00a0 \u00a0 \u00a0 M\u00a0 \u00a0 L\u00a0 \u00a0 \u00a0XL\u00a0 \u00a0 2XL<\/div>\n<div>g\u00f6\u011f\u00fcs\u00a0 \u00a0 \u00a0 \u00a052\u00a0 \u00a054\u00a0 \u00a0 56\u00a0 \u00a060\u00a0 \u00a0 62\u00a0 \u00a0 64<\/div>\n<div>kol boyu\u00a0 63,5\u00a0 64,5 65,5 66,5 67,5 68,5<\/div>\n<div>kol a\u011fz\u0131\u00a0 \u00a0 12,5 13\u00a0 \u00a013,5\u00a0 14\u00a0 \u00a014,5\u00a0 15<\/div>\n<div>arka boy\u00a0 \u00a070\u00a0 \u00a071\u00a0 \u00a0 73\u00a0 \u00a0 74\u00a0 \u00a076\u00a0 \u00a0 \u00a077<\/div>\n<div><\/div>","protected":false},"excerpt":{"rendered":"<p>\u00a0 \u00a0KUMA\u015e \u00d6ZELL\u0130KLER\u0130 \u00a0 \u00a0softshell \u00a0% 95 Polyamid % 5 Elastan. \u00a0 orta kal\u0131nl\u0131k, su itici apre. \u00a0 \u00a0Kullan\u0131m Y\u0131kama Talimat\u0131 : 30 derece makinada y\u0131kanabilir. \u00dct\u00fc yap\u0131lmamal\u0131d\u0131r. \u00a0 \u00a0polar yap\u0131l\u0131 i\u00e7 taraf. \u00a0 \u00a0MODEL \u00d6ZELL\u0130KLER\u0130 \u00a0 \u00a0 regular fit. \u00a0 \u00a0\u2022\u00a0\u00a0Boyun ve \u00e7ene korumal\u0131 su ge\u00e7irmez \u00f6n fermuar, \u00a0 \u00a0\u2022\u00a0\u00a0G\u00f6\u011f\u00fcs k\u0131sm\u0131nda su ge\u00e7irmez fermuarl\u0131&hellip; <a class=\"more-link\" href=\"https:\/\/myoceantex.com\/en\/product\/osag-erkek-softshell-mont-siyah\/\">Continue reading <span class=\"screen-reader-text\">sagwo softshell mont<\/span><\/a><\/p>","protected":false},"featured_media":2945,"comment_status":"open","ping_status":"closed","template":"","meta":{"_coblocks_attr":"","_coblocks_dimensions":"","_coblocks_responsive_height":"","_coblocks_accordion_ie_support":"","_themeisle_gutenberg_block_has_review":false},"pwb-brand":[59],"product_brand":[],"product_cat":[15,42,23],"product_tag":[],"class_list":{"0":"post-1111","1":"product","2":"type-product","3":"status-publish","4":"has-post-thumbnail","6":"pwb-brand-ostorm","7":"product_cat-genel","8":"product_cat-mont","9":"product_cat-outdoor-sport-2","10":"entry","12":"first","13":"instock","14":"shipping-taxable","15":"product-type-variable"},"jetpack_sharing_enabled":true,"brands":[{"id":59,"name":"o'storm","slug":"ostorm"}],"_links":{"self":[{"href":"https:\/\/myoceantex.com\/en\/wp-json\/wp\/v2\/product\/1111","targetHints":{"allow":["GET"]}}],"collection":[{"href":"https:\/\/myoceantex.com\/en\/wp-json\/wp\/v2\/product"}],"about":[{"href":"https:\/\/myoceantex.com\/en\/wp-json\/wp\/v2\/types\/product"}],"replies":[{"embeddable":true,"href":"https:\/\/myoceantex.com\/en\/wp-json\/wp\/v2\/comments?post=1111"}],"wp:featuredmedia":[{"embeddable":true,"href":"https:\/\/myoceantex.com\/en\/wp-json\/wp\/v2\/media\/2945"}],"wp:attachment":[{"href":"https:\/\/myoceantex.com\/en\/wp-json\/wp\/v2\/media?parent=1111"}],"wp:term":[{"taxonomy":"pwb-brand","embeddable":true,"href":"https:\/\/myoceantex.com\/en\/wp-json\/wp\/v2\/pwb-brand?post=1111"},{"taxonomy":"product_brand","embeddable":true,"href":"https:\/\/myoceantex.com\/en\/wp-json\/wp\/v2\/product_brand?post=1111"},{"taxonomy":"product_cat","embeddable":true,"href":"https:\/\/myoceantex.com\/en\/wp-json\/wp\/v2\/product_cat?post=1111"},{"taxonomy":"product_tag","embeddable":true,"href":"https:\/\/myoceantex.com\/en\/wp-json\/wp\/v2\/product_tag?post=1111"}],"curies":[{"name":"wp","href":"https:\/\/api.w.org\/{rel}","templated":true}]}}