{"id":1104,"date":"2023-02-09T21:34:42","date_gmt":"2023-02-09T18:34:42","guid":{"rendered":"https:\/\/myoceantex.com\/?post_type=product&#038;p=1104"},"modified":"2026-04-13T14:43:15","modified_gmt":"2026-04-13T11:43:15","slug":"omot-t-erkek-mont","status":"publish","type":"product","link":"https:\/\/myoceantex.com\/en\/product\/omot-t-erkek-mont\/","title":{"rendered":"mota outdoor polyamid Mont"},"content":{"rendered":"<div>KUMA\u015e \u00d6ZELL\u0130KLER\u0130<\/div>\n<div>%96 Polyamid, %4 Elastan.<\/div>\n<div>ince hafif ve esnektir.<\/div>\n<div>leke tutmazl\u0131k. nefes alabilirlik. biyonik fini\u015f.<\/div>\n<div>elde y\u0131kay\u0131n\u0131z, sererek kurutunuz.<\/div>\n<div>\u00e7ama\u015f\u0131r suyu kullan\u0131lmaz, \u00fct\u00fc yap\u0131lmaz.<\/div>\n<div>\u00a0Antibakteriyel \u00f6zelli\u011fi olmas\u0131<\/div>\n<div>\u00fcr\u00fcnde k\u00f6t\u00fc koku olu\u015fmas\u0131n\u0131 ve kuma\u015f\u0131n bozulmas\u0131n\u0131 \u00f6nler.<\/div>\n<div>\u00a0 *Su kayd\u0131rma \u00f6zelli\u011fi.<\/div>\n<div>\u00a0 *H\u0131zl\u0131 kuruma \u00f6zelli\u011fi mevcuttur.<\/div>\n<div>\u00a0 MODEL \u00d6ZELL\u0130KLER\u0130<\/div>\n<div>\u00a0 regular fit<\/div>\n<div>\u00a0 \u00a0\u2022 ayarlanabilir etek geni\u015fli\u011fi.<\/div>\n<div>\u00a0 \u00a0\u2022\u00a0\u00a0Tam fermuarl\u0131 \u00f6n kapama,<\/div>\n<div>\u00a0 \u00a0\u2022\u00a0\u00a0Fermuarl\u0131 yan cepleri,<\/div>\n<div>\u00a0 \u00a0\u2022\u00a0\u00a0Fermuarl\u0131 g\u00f6\u011f\u00fcs cebi,<\/div>\n<div>kullan\u0131m : ilkbahar \/ yaz \/ sonbahar<\/div>\n<div>bedenler\u00a0 XS\u00a0 S\u00a0 \u00a0M\u00a0 \u00a0L\u00a0 \u00a0XL\u00a0 \u00a02XL 3XL<\/div>\n<div>g\u00f6\u011f\u00fcs\u00a0 \u00a0 \u00a0 52\u00a0 54\u00a0 56 58\u00a0 60\u00a0 \u00a062\u00a0 \u00a064<\/div>\n<div>kol boyu\u00a0 64\u00a0 64\u00a0 65\u00a0 67\u00a0 67\u00a0 68\u00a0 \u00a069<\/div>\n<div>kol a\u011fz\u0131\u00a0 \u00a0 8,5\u00a0 8,5\u00a0 9\u00a0 \u00a09\u00a0 10,5 11\u00a0 12<\/div>\n<div>arka boy 67,5 69 71\u00a0 73\u00a0 74\u00a0 75\u00a0 \u00a076<\/div>\n<div><\/div>","protected":false},"excerpt":{"rendered":"<p>KUMA\u015e \u00d6ZELL\u0130KLER\u0130 %96 Polyamid, %4 Elastan. ince hafif ve esnektir. leke tutmazl\u0131k. nefes alabilirlik. biyonik fini\u015f. elde y\u0131kay\u0131n\u0131z, sererek kurutunuz. \u00e7ama\u015f\u0131r suyu kullan\u0131lmaz, \u00fct\u00fc yap\u0131lmaz. \u00a0Antibakteriyel \u00f6zelli\u011fi olmas\u0131 \u00fcr\u00fcnde k\u00f6t\u00fc koku olu\u015fmas\u0131n\u0131 ve kuma\u015f\u0131n bozulmas\u0131n\u0131 \u00f6nler. \u00a0 *Su kayd\u0131rma \u00f6zelli\u011fi. \u00a0 *H\u0131zl\u0131 kuruma \u00f6zelli\u011fi mevcuttur. \u00a0 MODEL \u00d6ZELL\u0130KLER\u0130 \u00a0 regular fit \u00a0 \u00a0\u2022 ayarlanabilir etek&hellip; <a class=\"more-link\" href=\"https:\/\/myoceantex.com\/en\/product\/omot-t-erkek-mont\/\">Continue reading <span class=\"screen-reader-text\">mota outdoor polyamid Mont<\/span><\/a><\/p>","protected":false},"featured_media":1143,"comment_status":"open","ping_status":"closed","template":"","meta":{"_coblocks_attr":"","_coblocks_dimensions":"","_coblocks_responsive_height":"","_coblocks_accordion_ie_support":"","_themeisle_gutenberg_block_has_review":false},"pwb-brand":[60],"product_brand":[],"product_cat":[15,42,23],"product_tag":[],"class_list":{"0":"post-1104","1":"product","2":"type-product","3":"status-publish","4":"has-post-thumbnail","6":"pwb-brand-obreeze","7":"product_cat-genel","8":"product_cat-mont","9":"product_cat-outdoor-sport-2","10":"entry","12":"first","13":"instock","14":"shipping-taxable","15":"product-type-variable"},"jetpack_sharing_enabled":true,"brands":[{"id":60,"name":"o'breeze","slug":"obreeze"}],"_links":{"self":[{"href":"https:\/\/myoceantex.com\/en\/wp-json\/wp\/v2\/product\/1104","targetHints":{"allow":["GET"]}}],"collection":[{"href":"https:\/\/myoceantex.com\/en\/wp-json\/wp\/v2\/product"}],"about":[{"href":"https:\/\/myoceantex.com\/en\/wp-json\/wp\/v2\/types\/product"}],"replies":[{"embeddable":true,"href":"https:\/\/myoceantex.com\/en\/wp-json\/wp\/v2\/comments?post=1104"}],"wp:featuredmedia":[{"embeddable":true,"href":"https:\/\/myoceantex.com\/en\/wp-json\/wp\/v2\/media\/1143"}],"wp:attachment":[{"href":"https:\/\/myoceantex.com\/en\/wp-json\/wp\/v2\/media?parent=1104"}],"wp:term":[{"taxonomy":"pwb-brand","embeddable":true,"href":"https:\/\/myoceantex.com\/en\/wp-json\/wp\/v2\/pwb-brand?post=1104"},{"taxonomy":"product_brand","embeddable":true,"href":"https:\/\/myoceantex.com\/en\/wp-json\/wp\/v2\/product_brand?post=1104"},{"taxonomy":"product_cat","embeddable":true,"href":"https:\/\/myoceantex.com\/en\/wp-json\/wp\/v2\/product_cat?post=1104"},{"taxonomy":"product_tag","embeddable":true,"href":"https:\/\/myoceantex.com\/en\/wp-json\/wp\/v2\/product_tag?post=1104"}],"curies":[{"name":"wp","href":"https:\/\/api.w.org\/{rel}","templated":true}]}}