{"id":1048,"date":"2023-02-08T03:12:51","date_gmt":"2023-02-08T00:12:51","guid":{"rendered":"https:\/\/myoceantex.com\/?post_type=product&#038;p=1048"},"modified":"2026-04-13T14:54:16","modified_gmt":"2026-04-13T11:54:16","slug":"myoceantex-opon-erkek-pantolon","status":"publish","type":"product","link":"https:\/\/myoceantex.com\/en\/product\/myoceantex-opon-erkek-pantolon\/","title":{"rendered":"ponc outdoor polyamid Pantolon"},"content":{"rendered":"<div>\u00a0 \u00a0KUMA\u015e \u00d6ZELL\u0130KLER\u0130<\/div>\n<div>\u00a0 \u00a0*% 96 Poliamid % 4 Elastan<\/div>\n<div>\u00a0 \u00a0 ince hafif ve eesnektir.<\/div>\n<div>\u00a0 \u00a0*30 derece makinada y\u0131kanabilir. \u00dct\u00fc gerektirmez,<\/div>\n<div>\u00a0 \u00a0*sererek kurutulmal\u0131d\u0131r.<\/div>\n<div>\u00a0 \u00a0*nefes alabilirlik,leke tutmaz<\/div>\n<div>antibakteriyel koruma sayesinde v\u00fccut kokusunu en aza indirir.<\/div>\n<div>\u00a0 \u00a0* diz yapmaz deforme olmaz., k\u0131r\u0131\u015fmaz<\/div>\n<div>MODEL \u00d6ZELL\u0130KLER\u0130<\/div>\n<div>\u00a0 \u00a0 regular fit<\/div>\n<div>\u00a0 \u00a0\u2022\u00a0 Geni\u015f hareket \u00f6zg\u00fcrl\u00fc\u011f\u00fc, .<\/div>\n<div>\u00a0 \u00a0\u2022\u00a0 Elastik bel,<\/div>\n<div>\u00a0 \u00a0\u2022\u00a0 Arkada fermuarl\u0131 cep detay\u0131,<\/div>\n<div>kullan\u0131m : ilkbahar \/ yaz \/ sonbahar ( spring \/ summer \/ fal )<\/div>\n<div>bedenler\u00a0 \u00a0XS\u00a0 \u00a0S\u00a0 \u00a0 M\u00a0 \u00a0 L\u00a0 \u00a0XL\u00a0 2XL<\/div>\n<div>bel\u00a0 \u00a0 \u00a0 \u00a0 \u00a0 \u00a0 \u00a038\u00a0 40\u00a0 \u00a042\u00a0 44\u00a0 46\u00a0 48<\/div>\n<div>basen\u00a0 \u00a0 \u00a0 \u00a0 48\u00a0 50\u00a0 \u00a052\u00a0 54\u00a0 56\u00a0 \u00a058<\/div>\n<div>pa\u00e7a\u00a0 \u00a0 \u00a0 \u00a0 \u00a0 17 17,5 18 18,5 19\u00a0 19,5<\/div>\n<div>i\u00e7 boy\u00a0 \u00a0 \u00a0 \u00a0 79\u00a0 79\u00a0 \u00a0 80\u00a0 80\u00a0 81\u00a0 81<\/div>\n<div><\/div>\n<div><\/div>\n<div><\/div>\n<div><\/div>\n<div><\/div>","protected":false},"excerpt":{"rendered":"<p>\u00a0 \u00a0KUMA\u015e \u00d6ZELL\u0130KLER\u0130 \u00a0 \u00a0*% 96 Poliamid % 4 Elastan \u00a0 \u00a0 ince hafif ve eesnektir. \u00a0 \u00a0*30 derece makinada y\u0131kanabilir. \u00dct\u00fc gerektirmez, \u00a0 \u00a0*sererek kurutulmal\u0131d\u0131r. \u00a0 \u00a0*nefes alabilirlik,leke tutmaz antibakteriyel koruma sayesinde v\u00fccut kokusunu en aza indirir. \u00a0 \u00a0* diz yapmaz deforme olmaz., k\u0131r\u0131\u015fmaz MODEL \u00d6ZELL\u0130KLER\u0130 \u00a0 \u00a0 regular fit \u00a0 \u00a0\u2022\u00a0 Geni\u015f hareket&hellip; <a class=\"more-link\" href=\"https:\/\/myoceantex.com\/en\/product\/myoceantex-opon-erkek-pantolon\/\">Continue reading <span class=\"screen-reader-text\">ponc outdoor polyamid Pantolon<\/span><\/a><\/p>","protected":false},"featured_media":2941,"comment_status":"open","ping_status":"closed","template":"","meta":{"_coblocks_attr":"","_coblocks_dimensions":"","_coblocks_responsive_height":"","_coblocks_accordion_ie_support":"","_themeisle_gutenberg_block_has_review":false},"pwb-brand":[60],"product_brand":[],"product_cat":[15,23,52],"product_tag":[],"class_list":{"0":"post-1048","1":"product","2":"type-product","3":"status-publish","4":"has-post-thumbnail","6":"pwb-brand-obreeze","7":"product_cat-genel","8":"product_cat-outdoor-sport-2","9":"product_cat-pant","10":"entry","12":"first","13":"instock","14":"shipping-taxable","15":"product-type-variable"},"jetpack_sharing_enabled":true,"brands":[{"id":60,"name":"o'breeze","slug":"obreeze"}],"_links":{"self":[{"href":"https:\/\/myoceantex.com\/en\/wp-json\/wp\/v2\/product\/1048","targetHints":{"allow":["GET"]}}],"collection":[{"href":"https:\/\/myoceantex.com\/en\/wp-json\/wp\/v2\/product"}],"about":[{"href":"https:\/\/myoceantex.com\/en\/wp-json\/wp\/v2\/types\/product"}],"replies":[{"embeddable":true,"href":"https:\/\/myoceantex.com\/en\/wp-json\/wp\/v2\/comments?post=1048"}],"wp:featuredmedia":[{"embeddable":true,"href":"https:\/\/myoceantex.com\/en\/wp-json\/wp\/v2\/media\/2941"}],"wp:attachment":[{"href":"https:\/\/myoceantex.com\/en\/wp-json\/wp\/v2\/media?parent=1048"}],"wp:term":[{"taxonomy":"pwb-brand","embeddable":true,"href":"https:\/\/myoceantex.com\/en\/wp-json\/wp\/v2\/pwb-brand?post=1048"},{"taxonomy":"product_brand","embeddable":true,"href":"https:\/\/myoceantex.com\/en\/wp-json\/wp\/v2\/product_brand?post=1048"},{"taxonomy":"product_cat","embeddable":true,"href":"https:\/\/myoceantex.com\/en\/wp-json\/wp\/v2\/product_cat?post=1048"},{"taxonomy":"product_tag","embeddable":true,"href":"https:\/\/myoceantex.com\/en\/wp-json\/wp\/v2\/product_tag?post=1048"}],"curies":[{"name":"wp","href":"https:\/\/api.w.org\/{rel}","templated":true}]}}